{"id":100,"date":"2020-10-28T10:57:15","date_gmt":"2020-10-28T10:57:15","guid":{"rendered":"https:\/\/shopium.eu\/rs\/?page_id=100"},"modified":"2023-04-25T15:09:05","modified_gmt":"2023-04-25T13:09:05","slug":"uslovi-poslovanja","status":"publish","type":"page","link":"https:\/\/non-stopshop.eu\/ba\/uslovi-poslovanja\/","title":{"rendered":"Uslovi poslovanja"},"content":{"rendered":"<p><strong>Firma:<\/strong><\/p>\n<p><strong>ECTC d.o.o.<\/strong><\/p>\n<p><strong>Sime i Ilije Partala 6, 78000 Banja Luka<\/strong><\/p>\n<p><strong>Poreski broj: 4404405770006<\/strong><\/p>\n<p><strong>Registarski Broj: 618288<\/strong><\/p>\n<p><strong>\u00a0<\/strong><strong>\u00a0<\/strong><\/p>\n<p><strong>Op\u0161ti uslovi poslovanja<\/strong><\/p>\n<p>NonStopShop.com\/ba ( u daljem tekstu \u00bbmi\u00ab, \u00bbnas\u00ab, \u00bbna\u0161e\u00ab, \u00bbna\u0161oj\u00ab, \u00bbna\u0161em\u00ab itd..) je internet prodavnica koja posluje u skladu sa Zakonom o elektronskoj trgovini i svim ostalim va\u017ee\u0107im zakonima i propisima u Republici Bosni i Hercegovini. Posjetom ili kupovinom na na\u0161oj Internet prodavnici \u00a0prihvatate uslove kori\u0161tenja koji su navedeni u daljem tekstu. Molimo Vas da ih pa\u017eljivo pro\u010ditate i upoznate se pravilima koja primjenjujemo. Mi zadr\u017eavamo pravo da bez prethodnog obavje\u0161tavanja vr\u0161imo izmjene i dopune ovih uslova kori\u0161tenja.<\/p>\n<p><strong>Izjava o za\u0161titi privatnosti<\/strong><br \/>\nU ime na\u0161e Internet prodavnice obavezujemo se da \u0107emo \u010duvati privatnost svih na\u0161ih kupaca u skladu sa zakonom i propisima u Republici Bosni i Hercegovini. Prikupljamo samo neophodne, osnovne podatke o kupcima\/ korisnicima i podatke neophodne za poslovanje i informisanje korisnika u skladu sa dobrim poslovnim obi\u010dajima i u cilju pru\u017eanja kvalitetne usluge. Dajemo kupcima mogu\u0107nost izbora uklju\u010duju\u0107i mogu\u0107nost odluke da li \u017eele ili ne da se izbri\u0161u sa mailing lista koje se koriste za marketin\u0161ke kampanje. Svi podaci o korisnicima\/kupcima se strogo \u010duvaju i dostupni su samo zaposlenima kojima su ti podaci nu\u017eni za obavljanje posla. Svi zaposleni u na\u0161oj firmi (i poslovni partneri) odgovorni su za po\u0161tovanje na\u010dela za\u0161tite privatnosti.<\/p>\n<p><strong>Cijene<\/strong><br \/>\nSve cijene proizvoda navedene na sajtu sa ura\u010dunatim PDV-om. Obavezujemo se da \u0107emo prihvatiti svaku cijenu po kojoj ste napravili narud\u017ebenicu bez obzira da li se cijena proizvoda promijenila nakon kreiranja narud\u017ebenice. Ali imamo pravo da otka\u017eemo narud\u017ebenicu uz slanje email obavje\u0161tenja potro\u0161a\u010du ukoliko je do\u0161lo do grube gre\u0161ke prilikom postavljanja cijene na sajtu. Prilikom kupovine dobijate\u00a0 fiskalni ra\u010dun uz proizvod koji ste naru\u010dili.<\/p>\n<p><strong>Dostava<\/strong><\/p>\n<p>Svi proizvodi koji su izlo\u017eeni na na\u0161oj internet stranici se tako\u0111e nalaze na na\u0161em stanju zaliha. Kupac je prilikom kupovine du\u017ean da plati tro\u0161kove slanja po prijemu robe, osim naru\u010divanja pojedinih proizvoda, na kojima je naznaka: \u201epo\u0161tarina je ura\u010dunata u cijenu\u201c ili \u201ebesplatna dostava\u201c. Za dostavu narud\u017ebi u Bosni i Hercegovini koristimo BizExpress (BiH po\u0161ta) usluge dostave. Sa svim navedenim kurirskim slu\u017ebama imamo potpisan ugovor o poslovnoj saradnji. Rok isporuke naru\u010denih proizvoda traje od 1 do 3 radna dana(zbog situacije COVID-19, postoji mogu\u0107nost produ\u017eenja roka isporuke). Naru\u010deni proizvodi se dostavljaju na adresu koju ste naveli kao adresu za dostavu i pla\u0107aju se pouze\u0107em kurirskoj slu\u017ebi koja dostavlja robu.<\/p>\n<p><strong>Intelektualna svojina<\/strong><br \/>\nSadr\u017eaj prikazan na ovom sajtu kao \u0161to su stranice, dizajnerski elementi (dugmi\u0107i, ikonice i sl), tekstovi, fotografije, logotipi, audio zapisi i softver su na\u0161e vlasni\u0161tvo ili na\u0161ih partnera i ne mogu se koristiti bez prethodne saglasnosti sa nama. Ukoliko za sadr\u017eaj koji se nalazi na na\u0161oj internet stranici smatrate da je va\u0161 i da je zloupotrebljen, molimo vas da nas kontaktirate u cilju utvr\u0111ivanja intelektualne svojine. Sve informacije dostupne na internet stranama isklju\u010divo su informativnog karaktera, ne smiju se koristiti u komercijalne svrhe niti distribuirati tre\u0107im licima.<\/p>\n<p><strong>Komentari, komunikacija i ostali sadr\u017eaj koji ostavljaju posjetioci<\/strong><br \/>\nPosjetioci mogu komentarisati proizvode i slati email poruke na na\u0161 e-mail. Mi imamo pravo da ne objavimo komentare koji su zlonamjerni, sadr\u017ee nepristojne izjave, \u0161ire mr\u017enju i na bilo koji na\u010din ugro\u017eavaju prava drugih. Takvi komentari \u0107e biti uklonjeni bez prethodnog obave\u0161tenja. La\u017eno predstavljanje i registracija sa tu\u0111om email adresom nije dozvoljena. Protiv takvih aktivnosti mo\u017eemo pokrenuti odgovaraju\u0107i zakonski postupak.<\/p>\n<p><strong>Opisi proizvoda<\/strong><br \/>\nU na\u0161em je interesu da sve proizvode opi\u0161emo \u0161to je ta\u010dnije mogu\u0107e. Tako\u0111e, ne garantujemo da su svi navedeni podaci u vezi proizvoda ta\u010dni, kompletni, pouzdani i bez gre\u0161aka. Ako proizvod koji ste kupili odstupa od podataka koji su navedeni na sajtu mo\u017eete ga vratiti u neo\u0161te\u0107enom stanju sa kompletnom opremom koju ste uz njega dobili, a mi \u0107emo vam vratiti novac.<\/p>\n<p><strong>Radno vrijeme<\/strong><br \/>\nNa\u0161e radno vrijeme je od 09-17h, 5 dana u nedelji (ponedeljak, utorak, srijeda, \u010detvrtak, petak). U slu\u010daju tehni\u010dkih problema ili tokom zahvata redovnog odr\u017eavanja sajt mo\u017ee biti kra\u0107i vremenski period nedostupan o \u010demu \u0107ete biti obave\u0161teni.<\/p>\n<p><strong>Promjena (a\u017euriranje) podataka na sajtu<\/strong><br \/>\nMi zadr\u017eavamo pravo da mo\u017eemo u svako vrijeme, bez prethodne najave, promijeniti podatke prikazane na bilo kojoj internet stranici. Posjetioci internet stranice nemaju pravo da jednostrano mijenjaju uslove kori\u0161tenja, a svaka eventualna izmjena je neva\u017ee\u0107a osim u slu\u010daju da se obe strane saglase pisanim putem.<\/p>\n<p><strong>Ostalo<\/strong><\/p>\n<p>Djelimi\u010dna ili potpuna neprimjenjivost ili nezakonitost odre\u0111ene odredbe ovih uslova kori\u0161tenja, ne\u0107e uticati na punova\u017enost ostalih odredbi koje ostaju na snazi u cijelini. Neprimjenjiva ili nezakonita odredba \u0107e biti zamjenjena drugom odgovaraju\u0107om odredbom. Saglasni ste da va\u0161a prava i obaveze proistekle iz ovih Uslova kori\u0161tenja ne mo\u017eete prenijeti na tre\u0107a lica bez na\u0161eg izri\u010ditog pismenog odobrenja.<\/p>\n<p>&nbsp;<\/p>\n","protected":false},"excerpt":{"rendered":"<p>Firma: ECTC d.o.o. Sime i Ilije Partala 6, 78000 Banja Luka Poreski broj: 4404405770006 Registarski Broj: 618288 \u00a0\u00a0 Op\u0161ti uslovi poslovanja NonStopShop.com\/ba ( u daljem tekstu \u00bbmi\u00ab, \u00bbnas\u00ab, \u00bbna\u0161e\u00ab, \u00bbna\u0161oj\u00ab, \u00bbna\u0161em\u00ab itd..) je internet prodavnica koja posluje u skladu sa Zakonom o elektronskoj trgovini i svim ostalim va\u017ee\u0107im zakonima i propisima u Republici Bosni i &hellip; <a href=\"https:\/\/non-stopshop.eu\/ba\/uslovi-poslovanja\/\">Continued<\/a><\/p>\n","protected":false},"author":1,"featured_media":0,"parent":0,"menu_order":0,"comment_status":"closed","ping_status":"closed","template":"","meta":{"inline_featured_image":false,"footnotes":""},"class_list":["post-100","page","type-page","status-publish","hentry"],"acf":[],"_links":{"self":[{"href":"https:\/\/non-stopshop.eu\/ba\/wp-json\/wp\/v2\/pages\/100","targetHints":{"allow":["GET"]}}],"collection":[{"href":"https:\/\/non-stopshop.eu\/ba\/wp-json\/wp\/v2\/pages"}],"about":[{"href":"https:\/\/non-stopshop.eu\/ba\/wp-json\/wp\/v2\/types\/page"}],"author":[{"embeddable":true,"href":"https:\/\/non-stopshop.eu\/ba\/wp-json\/wp\/v2\/users\/1"}],"replies":[{"embeddable":true,"href":"https:\/\/non-stopshop.eu\/ba\/wp-json\/wp\/v2\/comments?post=100"}],"version-history":[{"count":15,"href":"https:\/\/non-stopshop.eu\/ba\/wp-json\/wp\/v2\/pages\/100\/revisions"}],"predecessor-version":[{"id":11088,"href":"https:\/\/non-stopshop.eu\/ba\/wp-json\/wp\/v2\/pages\/100\/revisions\/11088"}],"wp:attachment":[{"href":"https:\/\/non-stopshop.eu\/ba\/wp-json\/wp\/v2\/media?parent=100"}],"curies":[{"name":"wp","href":"https:\/\/api.w.org\/{rel}","templated":true}]}}