{"id":102,"date":"2020-10-28T10:57:38","date_gmt":"2020-10-28T10:57:38","guid":{"rendered":"https:\/\/shopium.eu\/rs\/?page_id=102"},"modified":"2022-03-29T16:15:24","modified_gmt":"2022-03-29T14:15:24","slug":"reklamacije-i-zamjene","status":"publish","type":"page","link":"https:\/\/non-stopshop.eu\/ba\/reklamacije-i-zamjene\/","title":{"rendered":"Reklamacije i zamjene"},"content":{"rendered":"<p><strong>Reklamacije<\/strong><\/p>\n<p>U slu\u010daju da imate bilo kakvu reklamaciju na proizvod ili na\u0161u uslugu budite slobodni da nas kontaktirate(ba@non-stopshop.eu). Budite sigurni da smo spremni i sposobni da rije\u0161imo svaku nastalu situaciju. Proizvodi koji dolaze u direktan kontakt sa ko\u017eom, zubima ili intimnim dijelovima tijela ne podlije\u017eu reklamaciji. Tako\u0111e reklamaciji ne podlije\u017eu proizvodi sa evidentnim tragovima upotrebe!<\/p>\n<p><strong>Povrat novca ili zamjena proizvoda<\/strong><\/p>\n<p>U roku od 14 dana od kupovine proizvoda imate mogu\u0107nost zamjene kupljenih proizvoda. Proizvod mo\u017eete zamijeniti za drugi proizvod ili zahtijevati povrat novca.<\/p>\n<p>Proizvod koji \u017eelite zamijeniti mora biti neo\u0161te\u0107en i vra\u0107en u originalnoj i neo\u0161te\u0107enoj ambala\u017ei sa svom prilo\u017eenom opremom.<\/p>\n<p><strong>U suprotnom \u0107e va\u0161a reklamacija biti odbijena ili djelimi\u010dno razrije\u0161ena!<\/strong><\/p>\n<p>U roku od 14 dana nakon preuzimanja paketa mo\u017eete nas u pisanoj formi putem e-maila(ba@non-stopshop.eu) obavijestiti da odstupate od ugovora i uz to napisati va\u0161e podatke kao i broj va\u0161e po\u0161iljke, kako bih mogli da identifikujemo Va\u0161u porud\u017ebinu. U me\u0111uvremenu ovde mo\u017eete ispuniti formular koji je potrebno ispuniti i u roku od 14 dana nam proizvod zajedno sa fiskalnim ra\u010dunom koji ste dobili uz proizvod vratiti na na\u0161u adresu: <i>ECTC d.o.o. Banja Luka, Kralja Petra II 108, 78000 Banja Luka<\/i><\/p>\n<p><strong><em>Mail na koji je potrebno pisati u slu\u010daju reklamacije ili zamjene<\/em><\/strong><strong>: <\/strong>ba@non-stopshop.eu<\/p>\n<p>&nbsp;<\/p>\n<p><strong>Povrat novca vr\u0161imo poslije prijema povratnog paketa!<\/strong><\/p>\n<p>Formular za zamjenu proizvoda: <a href=\"http:\/\/bit.ly\/bih-zamjena\">http:\/\/bit.ly\/bih-zamjena<\/a><\/p>\n<p>Formular za povrat novca: <a href=\"http:\/\/bit.ly\/bih-reklamacija\">http:\/\/bit.ly\/bih-reklamacija<\/a><\/p>\n<p>&nbsp;<\/p>\n<p><strong>Napomene:<\/strong><\/p>\n<p>Tro\u0161ak slanja po\u0161iljke snosi po\u0161iljalac. Po\u0161iljke sa otkupninom ne prihvatamo!<\/p>\n<p>U slu\u010daju da formular za odustanak od ugovora ne ispunite u roku od 14 dana od preuzimanja po\u0161iljke, povrat novca, odnosno zamjena robe nisu mogu\u0107i!<\/p>\n<p>U roku od 8 radnih dana od prijema va\u0161eg paketa \u0107e proizvod biti zamijenjen, odnosno Va\u0161 novac refundiran.<\/p>\n<p>&nbsp;<\/p>\n","protected":false},"excerpt":{"rendered":"<p>Reklamacije U slu\u010daju da imate bilo kakvu reklamaciju na proizvod ili na\u0161u uslugu budite slobodni da nas kontaktirate(ba@non-stopshop.eu). Budite sigurni da smo spremni i sposobni da rije\u0161imo svaku nastalu situaciju. Proizvodi koji dolaze u direktan kontakt sa ko\u017eom, zubima ili intimnim dijelovima tijela ne podlije\u017eu reklamaciji. Tako\u0111e reklamaciji ne podlije\u017eu proizvodi sa evidentnim tragovima upotrebe! &hellip; <a href=\"https:\/\/non-stopshop.eu\/ba\/reklamacije-i-zamjene\/\">Continued<\/a><\/p>\n","protected":false},"author":1,"featured_media":0,"parent":0,"menu_order":0,"comment_status":"closed","ping_status":"closed","template":"","meta":{"inline_featured_image":false,"footnotes":""},"class_list":["post-102","page","type-page","status-publish","hentry"],"acf":[],"_links":{"self":[{"href":"https:\/\/non-stopshop.eu\/ba\/wp-json\/wp\/v2\/pages\/102","targetHints":{"allow":["GET"]}}],"collection":[{"href":"https:\/\/non-stopshop.eu\/ba\/wp-json\/wp\/v2\/pages"}],"about":[{"href":"https:\/\/non-stopshop.eu\/ba\/wp-json\/wp\/v2\/types\/page"}],"author":[{"embeddable":true,"href":"https:\/\/non-stopshop.eu\/ba\/wp-json\/wp\/v2\/users\/1"}],"replies":[{"embeddable":true,"href":"https:\/\/non-stopshop.eu\/ba\/wp-json\/wp\/v2\/comments?post=102"}],"version-history":[{"count":15,"href":"https:\/\/non-stopshop.eu\/ba\/wp-json\/wp\/v2\/pages\/102\/revisions"}],"predecessor-version":[{"id":7007,"href":"https:\/\/non-stopshop.eu\/ba\/wp-json\/wp\/v2\/pages\/102\/revisions\/7007"}],"wp:attachment":[{"href":"https:\/\/non-stopshop.eu\/ba\/wp-json\/wp\/v2\/media?parent=102"}],"curies":[{"name":"wp","href":"https:\/\/api.w.org\/{rel}","templated":true}]}}