{"id":1001,"date":"2021-01-05T12:13:21","date_gmt":"2021-01-05T11:13:21","guid":{"rendered":"https:\/\/shopium.eu\/ba\/?post_type=product&#038;p=1001"},"modified":"2021-01-08T18:08:25","modified_gmt":"2021-01-08T17:08:25","slug":"animalpaw","status":"publish","type":"product","link":"https:\/\/non-stopshop.eu\/ba\/proizvod\/animalpaw\/","title":{"rendered":"\u010carape u obliku \u017eivotinjske \u0161ape &#8211; AnimalPaw"},"content":{"rendered":"","protected":false},"excerpt":{"rendered":"<ul>\n<li>Dodajte svom svakodnevnom izgledu dozu unikatnosti nose\u0107i ove neobi\u010dne \u010darape u obliku \u017eivotinjskih \u0161apa.<\/li>\n<li>Preugodne za no\u0161enje, u univerzalnoj veli\u010dini, \u010darape koje \u0107e zavoljeti svi ljubitelji \u017eivotinja.<\/li>\n<li>Ukoliko \u017eelite da poklonite originalnu stvar, onda su ove \u010darape rje\u0161enje za vas.<\/li>\n<\/ul>\n","protected":false},"featured_media":1019,"comment_status":"closed","ping_status":"closed","template":"","meta":{"inline_featured_image":false},"product_brand":[],"product_cat":[15],"product_tag":[],"class_list":{"0":"post-1001","1":"product","2":"type-product","3":"status-publish","4":"has-post-thumbnail","6":"product_cat-uncategorized","8":"first","9":"instock","10":"sale","11":"shipping-taxable","12":"purchasable","13":"product-type-simple"},"acf":[],"_links":{"self":[{"href":"https:\/\/non-stopshop.eu\/ba\/wp-json\/wp\/v2\/product\/1001","targetHints":{"allow":["GET"]}}],"collection":[{"href":"https:\/\/non-stopshop.eu\/ba\/wp-json\/wp\/v2\/product"}],"about":[{"href":"https:\/\/non-stopshop.eu\/ba\/wp-json\/wp\/v2\/types\/product"}],"replies":[{"embeddable":true,"href":"https:\/\/non-stopshop.eu\/ba\/wp-json\/wp\/v2\/comments?post=1001"}],"wp:featuredmedia":[{"embeddable":true,"href":"https:\/\/non-stopshop.eu\/ba\/wp-json\/wp\/v2\/media\/1019"}],"wp:attachment":[{"href":"https:\/\/non-stopshop.eu\/ba\/wp-json\/wp\/v2\/media?parent=1001"}],"wp:term":[{"taxonomy":"product_brand","embeddable":true,"href":"https:\/\/non-stopshop.eu\/ba\/wp-json\/wp\/v2\/product_brand?post=1001"},{"taxonomy":"product_cat","embeddable":true,"href":"https:\/\/non-stopshop.eu\/ba\/wp-json\/wp\/v2\/product_cat?post=1001"},{"taxonomy":"product_tag","embeddable":true,"href":"https:\/\/non-stopshop.eu\/ba\/wp-json\/wp\/v2\/product_tag?post=1001"}],"curies":[{"name":"wp","href":"https:\/\/api.w.org\/{rel}","templated":true}]}}