{"id":10163,"date":"2022-12-29T08:40:10","date_gmt":"2022-12-29T07:40:10","guid":{"rendered":"https:\/\/non-stopshop.eu\/ba\/?post_type=product&#038;p=10163"},"modified":"2023-11-11T13:18:15","modified_gmt":"2023-11-11T12:18:15","slug":"nastavak-za-rezanje-metala","status":"publish","type":"product","link":"https:\/\/non-stopshop.eu\/ba\/proizvod\/nastavak-za-rezanje-metala\/","title":{"rendered":"Nastavak za rezanje metala"},"content":{"rendered":"","protected":false},"excerpt":{"rendered":"<p>Velika brzina rezanja i \u010disti i precizni rezovi omogu\u0107i\u0107e vam maksimalnu efikasnost i preciznost. Savr\u0161eno se kre\u0107e po uskim uzorcima i uglovima \u0161to pru\u017ea optimalan rez svaki put.<\/p>\n","protected":false},"featured_media":10168,"comment_status":"closed","ping_status":"closed","template":"","meta":{"inline_featured_image":false},"product_brand":[],"product_cat":[15,27,36,35],"product_tag":[],"class_list":{"0":"post-10163","1":"product","2":"type-product","3":"status-publish","4":"has-post-thumbnail","6":"product_cat-uncategorized","7":"product_cat-home","8":"product_cat-seasonal-discounts","9":"product_cat-fun","11":"first","12":"instock","13":"sale","14":"shipping-taxable","15":"purchasable","16":"product-type-simple"},"acf":[],"_links":{"self":[{"href":"https:\/\/non-stopshop.eu\/ba\/wp-json\/wp\/v2\/product\/10163","targetHints":{"allow":["GET"]}}],"collection":[{"href":"https:\/\/non-stopshop.eu\/ba\/wp-json\/wp\/v2\/product"}],"about":[{"href":"https:\/\/non-stopshop.eu\/ba\/wp-json\/wp\/v2\/types\/product"}],"replies":[{"embeddable":true,"href":"https:\/\/non-stopshop.eu\/ba\/wp-json\/wp\/v2\/comments?post=10163"}],"wp:featuredmedia":[{"embeddable":true,"href":"https:\/\/non-stopshop.eu\/ba\/wp-json\/wp\/v2\/media\/10168"}],"wp:attachment":[{"href":"https:\/\/non-stopshop.eu\/ba\/wp-json\/wp\/v2\/media?parent=10163"}],"wp:term":[{"taxonomy":"product_brand","embeddable":true,"href":"https:\/\/non-stopshop.eu\/ba\/wp-json\/wp\/v2\/product_brand?post=10163"},{"taxonomy":"product_cat","embeddable":true,"href":"https:\/\/non-stopshop.eu\/ba\/wp-json\/wp\/v2\/product_cat?post=10163"},{"taxonomy":"product_tag","embeddable":true,"href":"https:\/\/non-stopshop.eu\/ba\/wp-json\/wp\/v2\/product_tag?post=10163"}],"curies":[{"name":"wp","href":"https:\/\/api.w.org\/{rel}","templated":true}]}}