{"id":1021,"date":"2021-01-05T12:19:09","date_gmt":"2021-01-05T11:19:09","guid":{"rendered":"https:\/\/shopium.eu\/ba\/?post_type=product&#038;p=1021"},"modified":"2021-03-19T12:55:27","modified_gmt":"2021-03-19T11:55:27","slug":"magiccards","status":"publish","type":"product","link":"https:\/\/non-stopshop.eu\/ba\/proizvod\/magiccards\/","title":{"rendered":"Dijamantske karte za igru &#8211; MagicCards"},"content":{"rendered":"","protected":false},"excerpt":{"rendered":"<ul>\n<li>Ovaj set karata odaje dozu misterije s obzirom na sami izgled istih koje se na svetlosti presijavaju poput holograma za tajanstven i neobi\u010dan izgled.<\/li>\n<li>Potpuno su vodonepropusne, \u0161to ih \u010dini jo\u0161 prakti\u010dnijima sa garancijom na dugotrajnu upotrebu za razliku od obi\u010dnih, kartonskih karata.<\/li>\n<li>Ultra fleksibilne, izra\u0111ene od kvalitetne ABS plastike, ove karte su sjajne za razne vrste igara, mije\u0161anje karata i ma\u0111ioni\u010darske trikove.<\/li>\n<\/ul>\n","protected":false},"featured_media":1025,"comment_status":"closed","ping_status":"closed","template":"","meta":{"inline_featured_image":false},"product_brand":[],"product_cat":[15],"product_tag":[],"class_list":{"0":"post-1021","1":"product","2":"type-product","3":"status-publish","4":"has-post-thumbnail","6":"product_cat-uncategorized","8":"first","9":"instock","10":"sale","11":"shipping-taxable","12":"purchasable","13":"product-type-simple"},"acf":[],"_links":{"self":[{"href":"https:\/\/non-stopshop.eu\/ba\/wp-json\/wp\/v2\/product\/1021","targetHints":{"allow":["GET"]}}],"collection":[{"href":"https:\/\/non-stopshop.eu\/ba\/wp-json\/wp\/v2\/product"}],"about":[{"href":"https:\/\/non-stopshop.eu\/ba\/wp-json\/wp\/v2\/types\/product"}],"replies":[{"embeddable":true,"href":"https:\/\/non-stopshop.eu\/ba\/wp-json\/wp\/v2\/comments?post=1021"}],"wp:featuredmedia":[{"embeddable":true,"href":"https:\/\/non-stopshop.eu\/ba\/wp-json\/wp\/v2\/media\/1025"}],"wp:attachment":[{"href":"https:\/\/non-stopshop.eu\/ba\/wp-json\/wp\/v2\/media?parent=1021"}],"wp:term":[{"taxonomy":"product_brand","embeddable":true,"href":"https:\/\/non-stopshop.eu\/ba\/wp-json\/wp\/v2\/product_brand?post=1021"},{"taxonomy":"product_cat","embeddable":true,"href":"https:\/\/non-stopshop.eu\/ba\/wp-json\/wp\/v2\/product_cat?post=1021"},{"taxonomy":"product_tag","embeddable":true,"href":"https:\/\/non-stopshop.eu\/ba\/wp-json\/wp\/v2\/product_tag?post=1021"}],"curies":[{"name":"wp","href":"https:\/\/api.w.org\/{rel}","templated":true}]}}