{"id":1031,"date":"2021-01-05T12:24:41","date_gmt":"2021-01-05T11:24:41","guid":{"rendered":"https:\/\/shopium.eu\/ba\/?post_type=product&#038;p=1031"},"modified":"2021-01-08T18:15:41","modified_gmt":"2021-01-08T17:15:41","slug":"jaropener","status":"publish","type":"product","link":"https:\/\/non-stopshop.eu\/ba\/proizvod\/jaropener\/","title":{"rendered":"Elektri\u010dni otvara\u010d tegli &#8211; JarOpener"},"content":{"rendered":"","protected":false},"excerpt":{"rendered":"<ul>\n<li>Ukoliko imate problema sa tvrdoglavim poklopcima na teglama, onda je ovaj automatski otvara\u010d ne\u0161to \u0161to \u0107e vas po\u0161tedjeti napora i olak\u0161ati svakodnevnicu.<\/li>\n<li>Veoma jednostavna upotreba ogleda se u tome da samo treba da postavite otvara\u010d na poklopac i pritisnete dugme .<\/li>\n<li>Aparat je veoma pogodan za djecu, starije osobe i osobe koje pate od nekih hroni\u010dnih oboljenja ruku usljed \u010dega im je veoma te\u0161ko da barataju sa poklopcima.<\/li>\n<\/ul>\n","protected":false},"featured_media":1033,"comment_status":"closed","ping_status":"closed","template":"","meta":{"inline_featured_image":false},"product_brand":[],"product_cat":[15],"product_tag":[],"class_list":{"0":"post-1031","1":"product","2":"type-product","3":"status-publish","4":"has-post-thumbnail","6":"product_cat-uncategorized","8":"first","9":"instock","10":"sale","11":"shipping-taxable","12":"purchasable","13":"product-type-simple"},"acf":[],"_links":{"self":[{"href":"https:\/\/non-stopshop.eu\/ba\/wp-json\/wp\/v2\/product\/1031","targetHints":{"allow":["GET"]}}],"collection":[{"href":"https:\/\/non-stopshop.eu\/ba\/wp-json\/wp\/v2\/product"}],"about":[{"href":"https:\/\/non-stopshop.eu\/ba\/wp-json\/wp\/v2\/types\/product"}],"replies":[{"embeddable":true,"href":"https:\/\/non-stopshop.eu\/ba\/wp-json\/wp\/v2\/comments?post=1031"}],"wp:featuredmedia":[{"embeddable":true,"href":"https:\/\/non-stopshop.eu\/ba\/wp-json\/wp\/v2\/media\/1033"}],"wp:attachment":[{"href":"https:\/\/non-stopshop.eu\/ba\/wp-json\/wp\/v2\/media?parent=1031"}],"wp:term":[{"taxonomy":"product_brand","embeddable":true,"href":"https:\/\/non-stopshop.eu\/ba\/wp-json\/wp\/v2\/product_brand?post=1031"},{"taxonomy":"product_cat","embeddable":true,"href":"https:\/\/non-stopshop.eu\/ba\/wp-json\/wp\/v2\/product_cat?post=1031"},{"taxonomy":"product_tag","embeddable":true,"href":"https:\/\/non-stopshop.eu\/ba\/wp-json\/wp\/v2\/product_tag?post=1031"}],"curies":[{"name":"wp","href":"https:\/\/api.w.org\/{rel}","templated":true}]}}