{"id":10323,"date":"2023-01-17T10:54:41","date_gmt":"2023-01-17T09:54:41","guid":{"rendered":"https:\/\/non-stopshop.eu\/ba\/?post_type=product&#038;p=10323"},"modified":"2023-11-11T13:16:33","modified_gmt":"2023-11-11T12:16:33","slug":"djecija-bojanka-u-rolni","status":"publish","type":"product","link":"https:\/\/non-stopshop.eu\/ba\/proizvod\/djecija-bojanka-u-rolni\/","title":{"rendered":"Dje\u010dija bojanka u rolni"},"content":{"rendered":"","protected":false},"excerpt":{"rendered":"<p>Fenomenalna bojanka u rolni odli\u010dna je zabava za va\u0161u djecu. Mnogo interesantnih oblika i mogu\u0107nost lakog postavljanja super \u0107e ispuniti vrijeme va\u0161e djece.<\/p>\n","protected":false},"featured_media":10333,"comment_status":"closed","ping_status":"closed","template":"","meta":{"inline_featured_image":false},"product_brand":[],"product_cat":[15,35],"product_tag":[],"class_list":{"0":"post-10323","1":"product","2":"type-product","3":"status-publish","4":"has-post-thumbnail","6":"product_cat-uncategorized","7":"product_cat-fun","9":"first","10":"instock","11":"sale","12":"shipping-taxable","13":"purchasable","14":"product-type-simple"},"acf":[],"_links":{"self":[{"href":"https:\/\/non-stopshop.eu\/ba\/wp-json\/wp\/v2\/product\/10323","targetHints":{"allow":["GET"]}}],"collection":[{"href":"https:\/\/non-stopshop.eu\/ba\/wp-json\/wp\/v2\/product"}],"about":[{"href":"https:\/\/non-stopshop.eu\/ba\/wp-json\/wp\/v2\/types\/product"}],"replies":[{"embeddable":true,"href":"https:\/\/non-stopshop.eu\/ba\/wp-json\/wp\/v2\/comments?post=10323"}],"wp:featuredmedia":[{"embeddable":true,"href":"https:\/\/non-stopshop.eu\/ba\/wp-json\/wp\/v2\/media\/10333"}],"wp:attachment":[{"href":"https:\/\/non-stopshop.eu\/ba\/wp-json\/wp\/v2\/media?parent=10323"}],"wp:term":[{"taxonomy":"product_brand","embeddable":true,"href":"https:\/\/non-stopshop.eu\/ba\/wp-json\/wp\/v2\/product_brand?post=10323"},{"taxonomy":"product_cat","embeddable":true,"href":"https:\/\/non-stopshop.eu\/ba\/wp-json\/wp\/v2\/product_cat?post=10323"},{"taxonomy":"product_tag","embeddable":true,"href":"https:\/\/non-stopshop.eu\/ba\/wp-json\/wp\/v2\/product_tag?post=10323"}],"curies":[{"name":"wp","href":"https:\/\/api.w.org\/{rel}","templated":true}]}}