{"id":1042,"date":"2021-01-05T12:30:32","date_gmt":"2021-01-05T11:30:32","guid":{"rendered":"https:\/\/shopium.eu\/ba\/?post_type=product&#038;p=1042"},"modified":"2021-01-05T13:06:05","modified_gmt":"2021-01-05T12:06:05","slug":"pastry","status":"publish","type":"product","link":"https:\/\/non-stopshop.eu\/ba\/proizvod\/pastry\/","title":{"rendered":"Set kalupa za tjestenine &#8211; Pastry"},"content":{"rendered":"","protected":false},"excerpt":{"rendered":"<ul>\n<li>Sjajni kalupi za izradu pravih remek djela od tjestenine po va\u0161oj \u017eelji i ukusu, obogati\u0107e va\u0161e kuhinjsko umje\u0107e i odu\u0161eviti drage vam goste.<\/li>\n<li>U samo nekoliko trenutaka izradi\u0107ete savr\u0161en oblik doma\u0107ih pita, pica, raviola i najrazli\u010ditijih varijacija od tjestenina.<\/li>\n<li>Uz ove sjajne kalupe u obliku srca, pravougaonika, malog i velikog kruga, dobi\u0107ete i prakti\u010dni roler reza\u010d za brzo rezanje tijesta.<\/li>\n<\/ul>\n","protected":false},"featured_media":1048,"comment_status":"closed","ping_status":"closed","template":"","meta":{"inline_featured_image":false},"product_brand":[],"product_cat":[15],"product_tag":[],"class_list":{"0":"post-1042","1":"product","2":"type-product","3":"status-publish","4":"has-post-thumbnail","6":"product_cat-uncategorized","8":"first","9":"instock","10":"sale","11":"shipping-taxable","12":"purchasable","13":"product-type-simple"},"acf":[],"_links":{"self":[{"href":"https:\/\/non-stopshop.eu\/ba\/wp-json\/wp\/v2\/product\/1042","targetHints":{"allow":["GET"]}}],"collection":[{"href":"https:\/\/non-stopshop.eu\/ba\/wp-json\/wp\/v2\/product"}],"about":[{"href":"https:\/\/non-stopshop.eu\/ba\/wp-json\/wp\/v2\/types\/product"}],"replies":[{"embeddable":true,"href":"https:\/\/non-stopshop.eu\/ba\/wp-json\/wp\/v2\/comments?post=1042"}],"wp:featuredmedia":[{"embeddable":true,"href":"https:\/\/non-stopshop.eu\/ba\/wp-json\/wp\/v2\/media\/1048"}],"wp:attachment":[{"href":"https:\/\/non-stopshop.eu\/ba\/wp-json\/wp\/v2\/media?parent=1042"}],"wp:term":[{"taxonomy":"product_brand","embeddable":true,"href":"https:\/\/non-stopshop.eu\/ba\/wp-json\/wp\/v2\/product_brand?post=1042"},{"taxonomy":"product_cat","embeddable":true,"href":"https:\/\/non-stopshop.eu\/ba\/wp-json\/wp\/v2\/product_cat?post=1042"},{"taxonomy":"product_tag","embeddable":true,"href":"https:\/\/non-stopshop.eu\/ba\/wp-json\/wp\/v2\/product_tag?post=1042"}],"curies":[{"name":"wp","href":"https:\/\/api.w.org\/{rel}","templated":true}]}}