{"id":10648,"date":"2023-02-22T09:55:39","date_gmt":"2023-02-22T08:55:39","guid":{"rendered":"https:\/\/non-stopshop.eu\/ba\/?post_type=product&#038;p=10648"},"modified":"2023-03-20T08:31:14","modified_gmt":"2023-03-20T07:31:14","slug":"aparat-za-testiranje-strujnog-napona","status":"publish","type":"product","link":"https:\/\/non-stopshop.eu\/ba\/proizvod\/aparat-za-testiranje-strujnog-napona\/","title":{"rendered":"Aparat za testiranje strujnog napona"},"content":{"rendered":"","protected":false},"excerpt":{"rendered":"<p>Brzo i lako provjerite strujna kola, osigura\u010de, prekida\u010de i o\u017ei\u010denja na automobilima, prikolicama,motociklima i drugim niskonaponskim sistemima.<\/p>\n","protected":false},"featured_media":10654,"comment_status":"closed","ping_status":"closed","template":"","meta":{"inline_featured_image":false},"product_brand":[],"product_cat":[15,25,27],"product_tag":[],"class_list":{"0":"post-10648","1":"product","2":"type-product","3":"status-publish","4":"has-post-thumbnail","6":"product_cat-uncategorized","7":"product_cat-car","8":"product_cat-home","10":"first","11":"instock","12":"sale","13":"shipping-taxable","14":"purchasable","15":"product-type-simple"},"acf":[],"_links":{"self":[{"href":"https:\/\/non-stopshop.eu\/ba\/wp-json\/wp\/v2\/product\/10648","targetHints":{"allow":["GET"]}}],"collection":[{"href":"https:\/\/non-stopshop.eu\/ba\/wp-json\/wp\/v2\/product"}],"about":[{"href":"https:\/\/non-stopshop.eu\/ba\/wp-json\/wp\/v2\/types\/product"}],"replies":[{"embeddable":true,"href":"https:\/\/non-stopshop.eu\/ba\/wp-json\/wp\/v2\/comments?post=10648"}],"wp:featuredmedia":[{"embeddable":true,"href":"https:\/\/non-stopshop.eu\/ba\/wp-json\/wp\/v2\/media\/10654"}],"wp:attachment":[{"href":"https:\/\/non-stopshop.eu\/ba\/wp-json\/wp\/v2\/media?parent=10648"}],"wp:term":[{"taxonomy":"product_brand","embeddable":true,"href":"https:\/\/non-stopshop.eu\/ba\/wp-json\/wp\/v2\/product_brand?post=10648"},{"taxonomy":"product_cat","embeddable":true,"href":"https:\/\/non-stopshop.eu\/ba\/wp-json\/wp\/v2\/product_cat?post=10648"},{"taxonomy":"product_tag","embeddable":true,"href":"https:\/\/non-stopshop.eu\/ba\/wp-json\/wp\/v2\/product_tag?post=10648"}],"curies":[{"name":"wp","href":"https:\/\/api.w.org\/{rel}","templated":true}]}}