{"id":10697,"date":"2023-02-22T12:52:22","date_gmt":"2023-02-22T11:52:22","guid":{"rendered":"https:\/\/non-stopshop.eu\/ba\/?post_type=product&#038;p=10697"},"modified":"2023-12-06T11:40:11","modified_gmt":"2023-12-06T10:40:11","slug":"edukativna-igracka-drveni-vozic-sa-brojevima","status":"publish","type":"product","link":"https:\/\/non-stopshop.eu\/ba\/proizvod\/edukativna-igracka-drveni-vozic-sa-brojevima\/","title":{"rendered":"Edukativna igra\u010dka-Drveni vozi\u0107 sa brojevima"},"content":{"rendered":"","protected":false},"excerpt":{"rendered":"<p>Igra\u010dka za rano u\u010denje brojeva, oblika i boja. Vje\u017ebanje prakti\u010dnih i umnih sposobnosti i razvoj kreativnosti.<\/p>\n","protected":false},"featured_media":10707,"comment_status":"closed","ping_status":"closed","template":"","meta":{"inline_featured_image":false},"product_brand":[],"product_cat":[15,35],"product_tag":[],"class_list":{"0":"post-10697","1":"product","2":"type-product","3":"status-publish","4":"has-post-thumbnail","6":"product_cat-uncategorized","7":"product_cat-fun","9":"first","10":"instock","11":"sale","12":"shipping-taxable","13":"purchasable","14":"product-type-simple"},"acf":[],"_links":{"self":[{"href":"https:\/\/non-stopshop.eu\/ba\/wp-json\/wp\/v2\/product\/10697","targetHints":{"allow":["GET"]}}],"collection":[{"href":"https:\/\/non-stopshop.eu\/ba\/wp-json\/wp\/v2\/product"}],"about":[{"href":"https:\/\/non-stopshop.eu\/ba\/wp-json\/wp\/v2\/types\/product"}],"replies":[{"embeddable":true,"href":"https:\/\/non-stopshop.eu\/ba\/wp-json\/wp\/v2\/comments?post=10697"}],"wp:featuredmedia":[{"embeddable":true,"href":"https:\/\/non-stopshop.eu\/ba\/wp-json\/wp\/v2\/media\/10707"}],"wp:attachment":[{"href":"https:\/\/non-stopshop.eu\/ba\/wp-json\/wp\/v2\/media?parent=10697"}],"wp:term":[{"taxonomy":"product_brand","embeddable":true,"href":"https:\/\/non-stopshop.eu\/ba\/wp-json\/wp\/v2\/product_brand?post=10697"},{"taxonomy":"product_cat","embeddable":true,"href":"https:\/\/non-stopshop.eu\/ba\/wp-json\/wp\/v2\/product_cat?post=10697"},{"taxonomy":"product_tag","embeddable":true,"href":"https:\/\/non-stopshop.eu\/ba\/wp-json\/wp\/v2\/product_tag?post=10697"}],"curies":[{"name":"wp","href":"https:\/\/api.w.org\/{rel}","templated":true}]}}