{"id":10787,"date":"2023-02-22T14:33:21","date_gmt":"2023-02-22T13:33:21","guid":{"rendered":"https:\/\/non-stopshop.eu\/ba\/?post_type=product&#038;p=10787"},"modified":"2023-11-16T09:26:09","modified_gmt":"2023-11-16T08:26:09","slug":"2-u-1-transformacijski-kamion","status":"publish","type":"product","link":"https:\/\/non-stopshop.eu\/ba\/proizvod\/2-u-1-transformacijski-kamion\/","title":{"rendered":"2 u 1 Transformacijski kamion"},"content":{"rendered":"","protected":false},"excerpt":{"rendered":"<p>Mega kamion za auti\u0107e sa skrivenim stazama za auti\u0107e savr\u0161ena je igra\u010dka za va\u0161e najmilije. Savr\u0161ena igra\u010dka za dje\u010dake u svim prilikama.<\/p>\n","protected":false},"featured_media":10790,"comment_status":"closed","ping_status":"closed","template":"","meta":{"inline_featured_image":false},"product_brand":[],"product_cat":[15,35],"product_tag":[],"class_list":{"0":"post-10787","1":"product","2":"type-product","3":"status-publish","4":"has-post-thumbnail","6":"product_cat-uncategorized","7":"product_cat-fun","9":"first","10":"instock","11":"sale","12":"shipping-taxable","13":"purchasable","14":"product-type-simple"},"acf":[],"_links":{"self":[{"href":"https:\/\/non-stopshop.eu\/ba\/wp-json\/wp\/v2\/product\/10787","targetHints":{"allow":["GET"]}}],"collection":[{"href":"https:\/\/non-stopshop.eu\/ba\/wp-json\/wp\/v2\/product"}],"about":[{"href":"https:\/\/non-stopshop.eu\/ba\/wp-json\/wp\/v2\/types\/product"}],"replies":[{"embeddable":true,"href":"https:\/\/non-stopshop.eu\/ba\/wp-json\/wp\/v2\/comments?post=10787"}],"wp:featuredmedia":[{"embeddable":true,"href":"https:\/\/non-stopshop.eu\/ba\/wp-json\/wp\/v2\/media\/10790"}],"wp:attachment":[{"href":"https:\/\/non-stopshop.eu\/ba\/wp-json\/wp\/v2\/media?parent=10787"}],"wp:term":[{"taxonomy":"product_brand","embeddable":true,"href":"https:\/\/non-stopshop.eu\/ba\/wp-json\/wp\/v2\/product_brand?post=10787"},{"taxonomy":"product_cat","embeddable":true,"href":"https:\/\/non-stopshop.eu\/ba\/wp-json\/wp\/v2\/product_cat?post=10787"},{"taxonomy":"product_tag","embeddable":true,"href":"https:\/\/non-stopshop.eu\/ba\/wp-json\/wp\/v2\/product_tag?post=10787"}],"curies":[{"name":"wp","href":"https:\/\/api.w.org\/{rel}","templated":true}]}}