{"id":1094,"date":"2021-01-08T17:55:38","date_gmt":"2021-01-08T16:55:38","guid":{"rendered":"https:\/\/shopium.eu\/ba\/?post_type=product&#038;p=1094"},"modified":"2021-01-11T11:11:01","modified_gmt":"2021-01-11T10:11:01","slug":"minigolf","status":"publish","type":"product","link":"https:\/\/non-stopshop.eu\/ba\/proizvod\/minigolf\/","title":{"rendered":"Igra mini golf &#8211; MiniGolf"},"content":{"rendered":"","protected":false},"excerpt":{"rendered":"<ul>\n<li>Sjajna mini golf igra predstavlja interaktivan vid zabave za vas i va\u0161e prijatelje ili porodicu u toplini doma ili na vanjskom terenu.<\/li>\n<li>Djeca \u0107e obo\u017eavati ovu igru koja \u0107e ih potaknuti na aktivnost, a mo\u017eda jednog dana zaigraju i pravi golf.<\/li>\n<li>Kroz igru, nau\u010di\u0107e vje\u0161tinu poga\u0111anja, strpljenja i samokontrole, kao i razvijanje takmi\u010darskog duha.<\/li>\n<\/ul>\n","protected":false},"featured_media":1194,"comment_status":"closed","ping_status":"closed","template":"","meta":{"inline_featured_image":false},"product_brand":[],"product_cat":[15],"product_tag":[],"class_list":{"0":"post-1094","1":"product","2":"type-product","3":"status-publish","4":"has-post-thumbnail","6":"product_cat-uncategorized","8":"first","9":"instock","10":"sale","11":"shipping-taxable","12":"purchasable","13":"product-type-simple"},"acf":[],"_links":{"self":[{"href":"https:\/\/non-stopshop.eu\/ba\/wp-json\/wp\/v2\/product\/1094","targetHints":{"allow":["GET"]}}],"collection":[{"href":"https:\/\/non-stopshop.eu\/ba\/wp-json\/wp\/v2\/product"}],"about":[{"href":"https:\/\/non-stopshop.eu\/ba\/wp-json\/wp\/v2\/types\/product"}],"replies":[{"embeddable":true,"href":"https:\/\/non-stopshop.eu\/ba\/wp-json\/wp\/v2\/comments?post=1094"}],"wp:featuredmedia":[{"embeddable":true,"href":"https:\/\/non-stopshop.eu\/ba\/wp-json\/wp\/v2\/media\/1194"}],"wp:attachment":[{"href":"https:\/\/non-stopshop.eu\/ba\/wp-json\/wp\/v2\/media?parent=1094"}],"wp:term":[{"taxonomy":"product_brand","embeddable":true,"href":"https:\/\/non-stopshop.eu\/ba\/wp-json\/wp\/v2\/product_brand?post=1094"},{"taxonomy":"product_cat","embeddable":true,"href":"https:\/\/non-stopshop.eu\/ba\/wp-json\/wp\/v2\/product_cat?post=1094"},{"taxonomy":"product_tag","embeddable":true,"href":"https:\/\/non-stopshop.eu\/ba\/wp-json\/wp\/v2\/product_tag?post=1094"}],"curies":[{"name":"wp","href":"https:\/\/api.w.org\/{rel}","templated":true}]}}