{"id":1098,"date":"2021-01-08T18:04:47","date_gmt":"2021-01-08T17:04:47","guid":{"rendered":"https:\/\/shopium.eu\/ba\/?post_type=product&#038;p=1098"},"modified":"2021-01-11T08:49:05","modified_gmt":"2021-01-11T07:49:05","slug":"painting","status":"publish","type":"product","link":"https:\/\/non-stopshop.eu\/ba\/proizvod\/painting\/","title":{"rendered":"Set magi\u010dnih bojica &#8211; Painting"},"content":{"rendered":"","protected":false},"excerpt":{"rendered":"<ul>\n<li>Sjajan magi\u010dni set za bojenje uklju\u010duje bojanke i vodene bojice u formi markera koje mo\u017eete upotrebljavati iznova jer \u0107e boje izbledjeti za 10 minuta u potpunosti.<\/li>\n<li>Jedinstvena tinta je potpuno neotrovna i bezbedna za dje\u010diju igru.<\/li>\n<li>Bez stvaranja nereda i curenja tinte po rukama ili stolu kao \u0161to je slu\u010daj sa standardnim vodenim bojama, tako da su prikladne i za mla\u0111e uzraste.<\/li>\n<\/ul>\n","protected":false},"featured_media":1152,"comment_status":"closed","ping_status":"closed","template":"","meta":{"inline_featured_image":false},"product_brand":[],"product_cat":[15],"product_tag":[],"class_list":{"0":"post-1098","1":"product","2":"type-product","3":"status-publish","4":"has-post-thumbnail","6":"product_cat-uncategorized","8":"first","9":"instock","10":"sale","11":"shipping-taxable","12":"purchasable","13":"product-type-simple"},"acf":[],"_links":{"self":[{"href":"https:\/\/non-stopshop.eu\/ba\/wp-json\/wp\/v2\/product\/1098","targetHints":{"allow":["GET"]}}],"collection":[{"href":"https:\/\/non-stopshop.eu\/ba\/wp-json\/wp\/v2\/product"}],"about":[{"href":"https:\/\/non-stopshop.eu\/ba\/wp-json\/wp\/v2\/types\/product"}],"replies":[{"embeddable":true,"href":"https:\/\/non-stopshop.eu\/ba\/wp-json\/wp\/v2\/comments?post=1098"}],"wp:featuredmedia":[{"embeddable":true,"href":"https:\/\/non-stopshop.eu\/ba\/wp-json\/wp\/v2\/media\/1152"}],"wp:attachment":[{"href":"https:\/\/non-stopshop.eu\/ba\/wp-json\/wp\/v2\/media?parent=1098"}],"wp:term":[{"taxonomy":"product_brand","embeddable":true,"href":"https:\/\/non-stopshop.eu\/ba\/wp-json\/wp\/v2\/product_brand?post=1098"},{"taxonomy":"product_cat","embeddable":true,"href":"https:\/\/non-stopshop.eu\/ba\/wp-json\/wp\/v2\/product_cat?post=1098"},{"taxonomy":"product_tag","embeddable":true,"href":"https:\/\/non-stopshop.eu\/ba\/wp-json\/wp\/v2\/product_tag?post=1098"}],"curies":[{"name":"wp","href":"https:\/\/api.w.org\/{rel}","templated":true}]}}