{"id":1100,"date":"2021-01-08T18:08:59","date_gmt":"2021-01-08T17:08:59","guid":{"rendered":"https:\/\/shopium.eu\/ba\/?post_type=product&#038;p=1100"},"modified":"2021-01-11T08:46:54","modified_gmt":"2021-01-11T07:46:54","slug":"muffler","status":"publish","type":"product","link":"https:\/\/non-stopshop.eu\/ba\/proizvod\/muffler\/","title":{"rendered":"LED prigu\u0161iva\u010d za auspuhe &#8211; Muffler"},"content":{"rendered":"","protected":false},"excerpt":{"rendered":"<ul>\n<li>Jedinstveni LED svjetlosni kreativni dizajn mo\u017ee proizvesti nevjerovatne vizuelne efekte kada ovu om\u010du montirate na auspuh va\u0161eg limenog ljubimca.<\/li>\n<li>Pametno izra\u0111en od potpuno nehr\u0111aju\u0107eg \u010delika sa izvrsnim temperaturnim otporom tako da je bezbjedan za va\u0161 automobil.<\/li>\n<li>Ima za\u0161titnu ulogu tako \u0161to \u0107e \u0161tititi originalnu cijev od auspuha od vremenskih neprilika poput snega i ki\u0161e.<\/li>\n<\/ul>\n","protected":false},"featured_media":1149,"comment_status":"closed","ping_status":"closed","template":"","meta":{"inline_featured_image":false},"product_brand":[],"product_cat":[15],"product_tag":[],"class_list":{"0":"post-1100","1":"product","2":"type-product","3":"status-publish","4":"has-post-thumbnail","6":"product_cat-uncategorized","8":"first","9":"instock","10":"sale","11":"shipping-taxable","12":"purchasable","13":"product-type-simple"},"acf":[],"_links":{"self":[{"href":"https:\/\/non-stopshop.eu\/ba\/wp-json\/wp\/v2\/product\/1100","targetHints":{"allow":["GET"]}}],"collection":[{"href":"https:\/\/non-stopshop.eu\/ba\/wp-json\/wp\/v2\/product"}],"about":[{"href":"https:\/\/non-stopshop.eu\/ba\/wp-json\/wp\/v2\/types\/product"}],"replies":[{"embeddable":true,"href":"https:\/\/non-stopshop.eu\/ba\/wp-json\/wp\/v2\/comments?post=1100"}],"wp:featuredmedia":[{"embeddable":true,"href":"https:\/\/non-stopshop.eu\/ba\/wp-json\/wp\/v2\/media\/1149"}],"wp:attachment":[{"href":"https:\/\/non-stopshop.eu\/ba\/wp-json\/wp\/v2\/media?parent=1100"}],"wp:term":[{"taxonomy":"product_brand","embeddable":true,"href":"https:\/\/non-stopshop.eu\/ba\/wp-json\/wp\/v2\/product_brand?post=1100"},{"taxonomy":"product_cat","embeddable":true,"href":"https:\/\/non-stopshop.eu\/ba\/wp-json\/wp\/v2\/product_cat?post=1100"},{"taxonomy":"product_tag","embeddable":true,"href":"https:\/\/non-stopshop.eu\/ba\/wp-json\/wp\/v2\/product_tag?post=1100"}],"curies":[{"name":"wp","href":"https:\/\/api.w.org\/{rel}","templated":true}]}}