{"id":1101,"date":"2021-01-08T18:11:06","date_gmt":"2021-01-08T17:11:06","guid":{"rendered":"https:\/\/shopium.eu\/ba\/?post_type=product&#038;p=1101"},"modified":"2021-01-11T08:44:19","modified_gmt":"2021-01-11T07:44:19","slug":"cattoy","status":"publish","type":"product","link":"https:\/\/non-stopshop.eu\/ba\/proizvod\/cattoy\/","title":{"rendered":"Igra\u010dka za ma\u010dke &#8211; CatToy"},"content":{"rendered":"","protected":false},"excerpt":{"rendered":"<ul>\n<li>Super interaktivna igra\u010dka koju \u0107e va\u0161 ku\u0107ni ljubimac obo\u017eavati je mekana i putpuno sigurna za igru.<\/li>\n<li>Posjeduje led svetlo za sjajne vizuelne efekte, kao i pretinac gdje mo\u017eete da stavite hranu za ma\u010dke.<\/li>\n<li>Posjeduje vakuum mehanizam pomo\u0107u kojeg mo\u017eete ovu super igra\u010dku pri\u010dvrstiti na povr\u0161inu poput zida, stakla ili poda\u00a0 kako bi igra bila \u0161to zanimljivija.<\/li>\n<\/ul>\n","protected":false},"featured_media":1140,"comment_status":"closed","ping_status":"closed","template":"","meta":{"inline_featured_image":false},"product_brand":[],"product_cat":[15],"product_tag":[],"class_list":{"0":"post-1101","1":"product","2":"type-product","3":"status-publish","4":"has-post-thumbnail","6":"product_cat-uncategorized","8":"first","9":"instock","10":"sale","11":"shipping-taxable","12":"purchasable","13":"product-type-simple"},"acf":[],"_links":{"self":[{"href":"https:\/\/non-stopshop.eu\/ba\/wp-json\/wp\/v2\/product\/1101","targetHints":{"allow":["GET"]}}],"collection":[{"href":"https:\/\/non-stopshop.eu\/ba\/wp-json\/wp\/v2\/product"}],"about":[{"href":"https:\/\/non-stopshop.eu\/ba\/wp-json\/wp\/v2\/types\/product"}],"replies":[{"embeddable":true,"href":"https:\/\/non-stopshop.eu\/ba\/wp-json\/wp\/v2\/comments?post=1101"}],"wp:featuredmedia":[{"embeddable":true,"href":"https:\/\/non-stopshop.eu\/ba\/wp-json\/wp\/v2\/media\/1140"}],"wp:attachment":[{"href":"https:\/\/non-stopshop.eu\/ba\/wp-json\/wp\/v2\/media?parent=1101"}],"wp:term":[{"taxonomy":"product_brand","embeddable":true,"href":"https:\/\/non-stopshop.eu\/ba\/wp-json\/wp\/v2\/product_brand?post=1101"},{"taxonomy":"product_cat","embeddable":true,"href":"https:\/\/non-stopshop.eu\/ba\/wp-json\/wp\/v2\/product_cat?post=1101"},{"taxonomy":"product_tag","embeddable":true,"href":"https:\/\/non-stopshop.eu\/ba\/wp-json\/wp\/v2\/product_tag?post=1101"}],"curies":[{"name":"wp","href":"https:\/\/api.w.org\/{rel}","templated":true}]}}