{"id":1102,"date":"2021-01-08T18:12:50","date_gmt":"2021-01-08T17:12:50","guid":{"rendered":"https:\/\/shopium.eu\/ba\/?post_type=product&#038;p=1102"},"modified":"2021-01-11T08:41:54","modified_gmt":"2021-01-11T07:41:54","slug":"wipersticker","status":"publish","type":"product","link":"https:\/\/non-stopshop.eu\/ba\/proizvod\/wipersticker\/","title":{"rendered":"Novogodi\u0161nji stikeri za autobrisa\u010de &#8211; WiperSticker"},"content":{"rendered":"","protected":false},"excerpt":{"rendered":"<ul>\n<li>Ova predivna novogodi\u0161nja dekoracija za automobile, kada je nalijepite na zadnju \u0161ajbu pretvori\u0107e brisa\u010d u zabavnu Deda Mrazovu ruku koja ma\u0161e.<\/li>\n<li>Napravljena je od debele plastike, tako da ne\u0107e izblijediti i mo\u017ee se montirati na bilo koju metlicu brisa\u010da koriste\u0107i posebno dizajniranu zaka\u010dku.<\/li>\n<li>Veoma lako se mo\u017ee ukloniti prilikom pranja automobila, ali i skladi\u0161titi za slede\u0107u godinu.<\/li>\n<\/ul>\n","protected":false},"featured_media":1132,"comment_status":"closed","ping_status":"closed","template":"","meta":{"inline_featured_image":false},"product_brand":[],"product_cat":[15],"product_tag":[],"class_list":{"0":"post-1102","1":"product","2":"type-product","3":"status-publish","4":"has-post-thumbnail","6":"product_cat-uncategorized","8":"first","9":"instock","10":"sale","11":"shipping-taxable","12":"purchasable","13":"product-type-simple"},"acf":[],"_links":{"self":[{"href":"https:\/\/non-stopshop.eu\/ba\/wp-json\/wp\/v2\/product\/1102","targetHints":{"allow":["GET"]}}],"collection":[{"href":"https:\/\/non-stopshop.eu\/ba\/wp-json\/wp\/v2\/product"}],"about":[{"href":"https:\/\/non-stopshop.eu\/ba\/wp-json\/wp\/v2\/types\/product"}],"replies":[{"embeddable":true,"href":"https:\/\/non-stopshop.eu\/ba\/wp-json\/wp\/v2\/comments?post=1102"}],"wp:featuredmedia":[{"embeddable":true,"href":"https:\/\/non-stopshop.eu\/ba\/wp-json\/wp\/v2\/media\/1132"}],"wp:attachment":[{"href":"https:\/\/non-stopshop.eu\/ba\/wp-json\/wp\/v2\/media?parent=1102"}],"wp:term":[{"taxonomy":"product_brand","embeddable":true,"href":"https:\/\/non-stopshop.eu\/ba\/wp-json\/wp\/v2\/product_brand?post=1102"},{"taxonomy":"product_cat","embeddable":true,"href":"https:\/\/non-stopshop.eu\/ba\/wp-json\/wp\/v2\/product_cat?post=1102"},{"taxonomy":"product_tag","embeddable":true,"href":"https:\/\/non-stopshop.eu\/ba\/wp-json\/wp\/v2\/product_tag?post=1102"}],"curies":[{"name":"wp","href":"https:\/\/api.w.org\/{rel}","templated":true}]}}