{"id":1103,"date":"2021-01-08T18:16:29","date_gmt":"2021-01-08T17:16:29","guid":{"rendered":"https:\/\/shopium.eu\/ba\/?post_type=product&#038;p=1103"},"modified":"2021-01-11T08:40:16","modified_gmt":"2021-01-11T07:40:16","slug":"meatball","status":"publish","type":"product","link":"https:\/\/non-stopshop.eu\/ba\/proizvod\/meatball\/","title":{"rendered":"Alat za izradu mesnih okruglica &#8211; Meatball"},"content":{"rendered":"","protected":false},"excerpt":{"rendered":"<ul>\n<li>Ova sjajna spravica koja radi na principu makaza \u0107e vam biti od velike pomo\u0107i u pripremi mesnih okruglica ba\u0161 poput onih koje se prave u restoranima u samo nekoliko poteza.<\/li>\n<li>Alatka koja \u0107e izraditi okruglice u potpuno istim veli\u010dinama, izra\u0111ena je od potpuno nehr\u0111aju\u0107eg \u010delika, koji pru\u017ea visoku otpornost na temperature.<\/li>\n<li>Veoma jednostavna kuhinjska spravica za odr\u017eavanje, za koju se hrana ne\u0107e zalijepiti, pa je veoma laka za odr\u017eavanje i pranje.<\/li>\n<li>U mogu\u0107nosti ste da je poru\u010dite u \u010dak dve veli\u010dine, velika i mala.<\/li>\n<\/ul>\n","protected":false},"featured_media":1127,"comment_status":"closed","ping_status":"closed","template":"","meta":{"inline_featured_image":false},"product_brand":[],"product_cat":[15],"product_tag":[],"class_list":{"0":"post-1103","1":"product","2":"type-product","3":"status-publish","4":"has-post-thumbnail","6":"product_cat-uncategorized","8":"first","9":"instock","10":"sale","11":"shipping-taxable","12":"purchasable","13":"product-type-simple"},"acf":[],"_links":{"self":[{"href":"https:\/\/non-stopshop.eu\/ba\/wp-json\/wp\/v2\/product\/1103","targetHints":{"allow":["GET"]}}],"collection":[{"href":"https:\/\/non-stopshop.eu\/ba\/wp-json\/wp\/v2\/product"}],"about":[{"href":"https:\/\/non-stopshop.eu\/ba\/wp-json\/wp\/v2\/types\/product"}],"replies":[{"embeddable":true,"href":"https:\/\/non-stopshop.eu\/ba\/wp-json\/wp\/v2\/comments?post=1103"}],"wp:featuredmedia":[{"embeddable":true,"href":"https:\/\/non-stopshop.eu\/ba\/wp-json\/wp\/v2\/media\/1127"}],"wp:attachment":[{"href":"https:\/\/non-stopshop.eu\/ba\/wp-json\/wp\/v2\/media?parent=1103"}],"wp:term":[{"taxonomy":"product_brand","embeddable":true,"href":"https:\/\/non-stopshop.eu\/ba\/wp-json\/wp\/v2\/product_brand?post=1103"},{"taxonomy":"product_cat","embeddable":true,"href":"https:\/\/non-stopshop.eu\/ba\/wp-json\/wp\/v2\/product_cat?post=1103"},{"taxonomy":"product_tag","embeddable":true,"href":"https:\/\/non-stopshop.eu\/ba\/wp-json\/wp\/v2\/product_tag?post=1103"}],"curies":[{"name":"wp","href":"https:\/\/api.w.org\/{rel}","templated":true}]}}