{"id":1105,"date":"2021-01-08T18:20:04","date_gmt":"2021-01-08T17:20:04","guid":{"rendered":"https:\/\/shopium.eu\/ba\/?post_type=product&#038;p=1105"},"modified":"2021-01-11T08:31:02","modified_gmt":"2021-01-11T07:31:02","slug":"christmascookie","status":"publish","type":"product","link":"https:\/\/non-stopshop.eu\/ba\/proizvod\/christmascookie\/","title":{"rendered":"Kalupi za novogodi\u0161nje kola\u010di\u0107e &#8211; ChristmasCookie"},"content":{"rendered":"","protected":false},"excerpt":{"rendered":"<ul>\n<li>Sjajan 3d novogodi\u0161nji set kalupa za izradu najukusnijih kola\u010di\u0107a u obliku ku\u0107i\u0107a prekrivenih snijegom, jelke i sli\u010dnih novogodi\u0161njih ideja kojima \u0107ete odu\u0161eviti va\u0161e uku\u0107ane i goste.<\/li>\n<li>Va\u0161i mali\u0161ani \u0107e obo\u017eavati izradu kola\u010da ukoliko i sami u\u010destvuju u procesu, a uz pomo\u0107 ovih modli, uspjeh i zabava su zagarantovani.<\/li>\n<li>Kalupi su izra\u0111eni od kvalitetnog \u010delika, potpuno otpornog na hr\u0111u, a u setu dolazi 18 komada kalupa.<\/li>\n<\/ul>\n","protected":false},"featured_media":1112,"comment_status":"closed","ping_status":"closed","template":"","meta":{"inline_featured_image":false},"product_brand":[],"product_cat":[15],"product_tag":[],"class_list":{"0":"post-1105","1":"product","2":"type-product","3":"status-publish","4":"has-post-thumbnail","6":"product_cat-uncategorized","8":"first","9":"instock","10":"sale","11":"shipping-taxable","12":"purchasable","13":"product-type-simple"},"acf":[],"_links":{"self":[{"href":"https:\/\/non-stopshop.eu\/ba\/wp-json\/wp\/v2\/product\/1105","targetHints":{"allow":["GET"]}}],"collection":[{"href":"https:\/\/non-stopshop.eu\/ba\/wp-json\/wp\/v2\/product"}],"about":[{"href":"https:\/\/non-stopshop.eu\/ba\/wp-json\/wp\/v2\/types\/product"}],"replies":[{"embeddable":true,"href":"https:\/\/non-stopshop.eu\/ba\/wp-json\/wp\/v2\/comments?post=1105"}],"wp:featuredmedia":[{"embeddable":true,"href":"https:\/\/non-stopshop.eu\/ba\/wp-json\/wp\/v2\/media\/1112"}],"wp:attachment":[{"href":"https:\/\/non-stopshop.eu\/ba\/wp-json\/wp\/v2\/media?parent=1105"}],"wp:term":[{"taxonomy":"product_brand","embeddable":true,"href":"https:\/\/non-stopshop.eu\/ba\/wp-json\/wp\/v2\/product_brand?post=1105"},{"taxonomy":"product_cat","embeddable":true,"href":"https:\/\/non-stopshop.eu\/ba\/wp-json\/wp\/v2\/product_cat?post=1105"},{"taxonomy":"product_tag","embeddable":true,"href":"https:\/\/non-stopshop.eu\/ba\/wp-json\/wp\/v2\/product_tag?post=1105"}],"curies":[{"name":"wp","href":"https:\/\/api.w.org\/{rel}","templated":true}]}}