{"id":1180,"date":"2021-01-11T10:03:13","date_gmt":"2021-01-11T09:03:13","guid":{"rendered":"https:\/\/shopium.eu\/ba\/?post_type=product&#038;p=1180"},"modified":"2021-01-11T10:05:51","modified_gmt":"2021-01-11T09:05:51","slug":"makeupmirror","status":"publish","type":"product","link":"https:\/\/non-stopshop.eu\/ba\/proizvod\/makeupmirror\/","title":{"rendered":"Led ogledalo za \u0161minku &#8211; MakeupMirror"},"content":{"rendered":"","protected":false},"excerpt":{"rendered":"<ul>\n<li>Ovo predivno ogledalo je pametno osmi\u0161ljeno sa osvetljenjem koje se pode\u0161ava u tri ja\u010dine, od najslabijeg osvetljenja, do najja\u010deg svetla po \u017eelji.<\/li>\n<li>Led svetlo na ogledalu se puni preko USB kabla, \u0161to ga \u010dini jo\u0161 prakti\u010dnijim proizvodom jer vam nije potrebna elektri\u010dna energija.<\/li>\n<li>Osim \u0161to je jako funkcionalan ovo ogledalo \u010dini i super dekoraciju i daje prostoru potpuno drugu notu i dimenziju.<\/li>\n<\/ul>\n","protected":false},"featured_media":1183,"comment_status":"closed","ping_status":"closed","template":"","meta":{"inline_featured_image":false},"product_brand":[],"product_cat":[15],"product_tag":[],"class_list":{"0":"post-1180","1":"product","2":"type-product","3":"status-publish","4":"has-post-thumbnail","6":"product_cat-uncategorized","8":"first","9":"instock","10":"sale","11":"shipping-taxable","12":"purchasable","13":"product-type-simple"},"acf":[],"_links":{"self":[{"href":"https:\/\/non-stopshop.eu\/ba\/wp-json\/wp\/v2\/product\/1180","targetHints":{"allow":["GET"]}}],"collection":[{"href":"https:\/\/non-stopshop.eu\/ba\/wp-json\/wp\/v2\/product"}],"about":[{"href":"https:\/\/non-stopshop.eu\/ba\/wp-json\/wp\/v2\/types\/product"}],"replies":[{"embeddable":true,"href":"https:\/\/non-stopshop.eu\/ba\/wp-json\/wp\/v2\/comments?post=1180"}],"wp:featuredmedia":[{"embeddable":true,"href":"https:\/\/non-stopshop.eu\/ba\/wp-json\/wp\/v2\/media\/1183"}],"wp:attachment":[{"href":"https:\/\/non-stopshop.eu\/ba\/wp-json\/wp\/v2\/media?parent=1180"}],"wp:term":[{"taxonomy":"product_brand","embeddable":true,"href":"https:\/\/non-stopshop.eu\/ba\/wp-json\/wp\/v2\/product_brand?post=1180"},{"taxonomy":"product_cat","embeddable":true,"href":"https:\/\/non-stopshop.eu\/ba\/wp-json\/wp\/v2\/product_cat?post=1180"},{"taxonomy":"product_tag","embeddable":true,"href":"https:\/\/non-stopshop.eu\/ba\/wp-json\/wp\/v2\/product_tag?post=1180"}],"curies":[{"name":"wp","href":"https:\/\/api.w.org\/{rel}","templated":true}]}}