{"id":11954,"date":"2023-09-15T13:47:09","date_gmt":"2023-09-15T11:47:09","guid":{"rendered":"https:\/\/non-stopshop.eu\/ba\/?post_type=product&#038;p=11954"},"modified":"2023-11-16T09:26:00","modified_gmt":"2023-11-16T08:26:00","slug":"trenazer-za-struk","status":"publish","type":"product","link":"https:\/\/non-stopshop.eu\/ba\/proizvod\/trenazer-za-struk\/","title":{"rendered":"Trena\u017eer za struk"},"content":{"rendered":"","protected":false},"excerpt":{"rendered":"<p>Udobna i prozra\u010dna elasti\u010dna traka za stuk i le\u0111a vam pru\u017ea osje\u0107aj sigurnosti i lako\u0107e u kretanju. Smanjuje bol u le\u0111ima i br\u017ee sagorjevanje kalorije, a celulit nestaje \u010dak za 2-3 puta br\u017ee sa ovom trakom.<\/p>\n","protected":false},"featured_media":11963,"comment_status":"closed","ping_status":"closed","template":"","meta":{"inline_featured_image":false},"product_brand":[],"product_cat":[15,28],"product_tag":[],"class_list":{"0":"post-11954","1":"product","2":"type-product","3":"status-publish","4":"has-post-thumbnail","6":"product_cat-uncategorized","7":"product_cat-beauty","9":"first","10":"instock","11":"sale","12":"shipping-taxable","13":"purchasable","14":"product-type-simple"},"acf":[],"_links":{"self":[{"href":"https:\/\/non-stopshop.eu\/ba\/wp-json\/wp\/v2\/product\/11954","targetHints":{"allow":["GET"]}}],"collection":[{"href":"https:\/\/non-stopshop.eu\/ba\/wp-json\/wp\/v2\/product"}],"about":[{"href":"https:\/\/non-stopshop.eu\/ba\/wp-json\/wp\/v2\/types\/product"}],"replies":[{"embeddable":true,"href":"https:\/\/non-stopshop.eu\/ba\/wp-json\/wp\/v2\/comments?post=11954"}],"wp:featuredmedia":[{"embeddable":true,"href":"https:\/\/non-stopshop.eu\/ba\/wp-json\/wp\/v2\/media\/11963"}],"wp:attachment":[{"href":"https:\/\/non-stopshop.eu\/ba\/wp-json\/wp\/v2\/media?parent=11954"}],"wp:term":[{"taxonomy":"product_brand","embeddable":true,"href":"https:\/\/non-stopshop.eu\/ba\/wp-json\/wp\/v2\/product_brand?post=11954"},{"taxonomy":"product_cat","embeddable":true,"href":"https:\/\/non-stopshop.eu\/ba\/wp-json\/wp\/v2\/product_cat?post=11954"},{"taxonomy":"product_tag","embeddable":true,"href":"https:\/\/non-stopshop.eu\/ba\/wp-json\/wp\/v2\/product_tag?post=11954"}],"curies":[{"name":"wp","href":"https:\/\/api.w.org\/{rel}","templated":true}]}}