{"id":1203,"date":"2021-01-11T11:11:10","date_gmt":"2021-01-11T10:11:10","guid":{"rendered":"https:\/\/shopium.eu\/ba\/?post_type=product&#038;p=1203"},"modified":"2021-04-13T12:04:36","modified_gmt":"2021-04-13T10:04:36","slug":"cuttool","status":"publish","type":"product","link":"https:\/\/non-stopshop.eu\/ba\/proizvod\/cuttool\/","title":{"rendered":"Prenosni reza\u010d keramike i stakla &#8211; CutTool"},"content":{"rendered":"","protected":false},"excerpt":{"rendered":"<ul>\n<li>Multifunkcionalni alat za rezanje stakla ili keramike olak\u0161a\u0107e vam posao i po\u0161tedjeti napora.<\/li>\n<li>Izra\u0111en od legure \u010delika sa cementiranim karbidom, ovaj sjajni alat je veoma \u010dvrst i izdr\u017eljiv, i posjeduje garanciju na dugotrajnu upotrebu.<\/li>\n<li>Veoma pogodan za rezanje stakla, plo\u010dica ili keramike, lako prenosna alatka koja je dobra za potpune amatere i ku\u0107nu upotrebu, kao i za majstore profesionalce.<\/li>\n<\/ul>\n","protected":false},"featured_media":1208,"comment_status":"closed","ping_status":"closed","template":"","meta":{"inline_featured_image":false},"product_brand":[],"product_cat":[15],"product_tag":[],"class_list":{"0":"post-1203","1":"product","2":"type-product","3":"status-publish","4":"has-post-thumbnail","6":"product_cat-uncategorized","8":"first","9":"instock","10":"sale","11":"shipping-taxable","12":"purchasable","13":"product-type-simple"},"acf":[],"_links":{"self":[{"href":"https:\/\/non-stopshop.eu\/ba\/wp-json\/wp\/v2\/product\/1203","targetHints":{"allow":["GET"]}}],"collection":[{"href":"https:\/\/non-stopshop.eu\/ba\/wp-json\/wp\/v2\/product"}],"about":[{"href":"https:\/\/non-stopshop.eu\/ba\/wp-json\/wp\/v2\/types\/product"}],"replies":[{"embeddable":true,"href":"https:\/\/non-stopshop.eu\/ba\/wp-json\/wp\/v2\/comments?post=1203"}],"wp:featuredmedia":[{"embeddable":true,"href":"https:\/\/non-stopshop.eu\/ba\/wp-json\/wp\/v2\/media\/1208"}],"wp:attachment":[{"href":"https:\/\/non-stopshop.eu\/ba\/wp-json\/wp\/v2\/media?parent=1203"}],"wp:term":[{"taxonomy":"product_brand","embeddable":true,"href":"https:\/\/non-stopshop.eu\/ba\/wp-json\/wp\/v2\/product_brand?post=1203"},{"taxonomy":"product_cat","embeddable":true,"href":"https:\/\/non-stopshop.eu\/ba\/wp-json\/wp\/v2\/product_cat?post=1203"},{"taxonomy":"product_tag","embeddable":true,"href":"https:\/\/non-stopshop.eu\/ba\/wp-json\/wp\/v2\/product_tag?post=1203"}],"curies":[{"name":"wp","href":"https:\/\/api.w.org\/{rel}","templated":true}]}}