{"id":1213,"date":"2021-01-12T10:10:46","date_gmt":"2021-01-12T09:10:46","guid":{"rendered":"https:\/\/shopium.eu\/ba\/?post_type=product&#038;p=1213"},"modified":"2021-01-12T10:16:10","modified_gmt":"2021-01-12T09:16:10","slug":"unihandle","status":"publish","type":"product","link":"https:\/\/non-stopshop.eu\/ba\/proizvod\/unihandle\/","title":{"rendered":"Univerzalna dr\u0161ka &#8211; UniHandle"},"content":{"rendered":"","protected":false},"excerpt":{"rendered":"<ul>\n<li>Preprakti\u010dna funkcionalna dr\u0161ka koja ima najrazli\u010ditiju namenu je pogodna, neophodna olak\u0161avaju\u0107a alatka u svakom domu, kancelariji, ostavi ili gara\u017ei.<\/li>\n<li>Odlikuje se \u0161irokim spektrom primene, pogodna je za sve ladice, za obesiti kuke ili zaka\u010dke, i sl., a prilagodljiva je svakoj povr\u0161ini bilo da se radi o staklu, keramici, drvetu i drugim nekonveksnim povr\u0161inama.<\/li>\n<li>Veoma se lako pri\u010dvrsti sa samolepljivim mehanizmom, a tako\u0111e se veoma lako mo\u017ee i skinuti samo uz pomo\u0107 grejanja fenom.<\/li>\n<\/ul>\n","protected":false},"featured_media":1220,"comment_status":"closed","ping_status":"closed","template":"","meta":{"inline_featured_image":false},"product_brand":[],"product_cat":[15],"product_tag":[],"class_list":{"0":"post-1213","1":"product","2":"type-product","3":"status-publish","4":"has-post-thumbnail","6":"product_cat-uncategorized","8":"first","9":"instock","10":"sale","11":"shipping-taxable","12":"purchasable","13":"product-type-simple"},"acf":[],"_links":{"self":[{"href":"https:\/\/non-stopshop.eu\/ba\/wp-json\/wp\/v2\/product\/1213","targetHints":{"allow":["GET"]}}],"collection":[{"href":"https:\/\/non-stopshop.eu\/ba\/wp-json\/wp\/v2\/product"}],"about":[{"href":"https:\/\/non-stopshop.eu\/ba\/wp-json\/wp\/v2\/types\/product"}],"replies":[{"embeddable":true,"href":"https:\/\/non-stopshop.eu\/ba\/wp-json\/wp\/v2\/comments?post=1213"}],"wp:featuredmedia":[{"embeddable":true,"href":"https:\/\/non-stopshop.eu\/ba\/wp-json\/wp\/v2\/media\/1220"}],"wp:attachment":[{"href":"https:\/\/non-stopshop.eu\/ba\/wp-json\/wp\/v2\/media?parent=1213"}],"wp:term":[{"taxonomy":"product_brand","embeddable":true,"href":"https:\/\/non-stopshop.eu\/ba\/wp-json\/wp\/v2\/product_brand?post=1213"},{"taxonomy":"product_cat","embeddable":true,"href":"https:\/\/non-stopshop.eu\/ba\/wp-json\/wp\/v2\/product_cat?post=1213"},{"taxonomy":"product_tag","embeddable":true,"href":"https:\/\/non-stopshop.eu\/ba\/wp-json\/wp\/v2\/product_tag?post=1213"}],"curies":[{"name":"wp","href":"https:\/\/api.w.org\/{rel}","templated":true}]}}