{"id":1222,"date":"2021-01-12T10:16:48","date_gmt":"2021-01-12T09:16:48","guid":{"rendered":"https:\/\/shopium.eu\/ba\/?post_type=product&#038;p=1222"},"modified":"2023-01-26T11:40:36","modified_gmt":"2023-01-26T10:40:36","slug":"blackboard","status":"publish","type":"product","link":"https:\/\/non-stopshop.eu\/ba\/proizvod\/blackboard\/","title":{"rendered":"Tabla za pisanje u formi tapete &#8211; BlackBoard"},"content":{"rendered":"","protected":false},"excerpt":{"rendered":"<ul>\n<li>Revolucionarna tapeta koja \u0107e olak\u0161ati roditeljsku svakodnevnicu jer \u0107ete je samo zalepiti na zid i ona postaje tabla za pisanje!<\/li>\n<li>Crtajte, pi\u0161ite, u\u010dite, stvarajte zajedno sa va\u0161im mali\u0161anima koji \u0107e biti u prilici da u toplini svog doma ispoljavaju svoju kreativnost, a pone\u0161to i da nau\u010de uz pomo\u0107 ove sjajne tapete-table.<\/li>\n<li>Veoma lako se postavlja, tj. lepi za zid, lako se odr\u017eava i \u010disti krpom, a tako\u0111e i proces uklanjanja iste je veoma jednostavan, bez ikakvih o\u0161te\u0107enja po povr\u0161ini.<\/li>\n<\/ul>\n","protected":false},"featured_media":1223,"comment_status":"closed","ping_status":"closed","template":"","meta":{"inline_featured_image":false},"product_brand":[],"product_cat":[15],"product_tag":[],"class_list":{"0":"post-1222","1":"product","2":"type-product","3":"status-publish","4":"has-post-thumbnail","6":"product_cat-uncategorized","8":"first","9":"instock","10":"sale","11":"shipping-taxable","12":"purchasable","13":"product-type-simple"},"acf":[],"_links":{"self":[{"href":"https:\/\/non-stopshop.eu\/ba\/wp-json\/wp\/v2\/product\/1222","targetHints":{"allow":["GET"]}}],"collection":[{"href":"https:\/\/non-stopshop.eu\/ba\/wp-json\/wp\/v2\/product"}],"about":[{"href":"https:\/\/non-stopshop.eu\/ba\/wp-json\/wp\/v2\/types\/product"}],"replies":[{"embeddable":true,"href":"https:\/\/non-stopshop.eu\/ba\/wp-json\/wp\/v2\/comments?post=1222"}],"wp:featuredmedia":[{"embeddable":true,"href":"https:\/\/non-stopshop.eu\/ba\/wp-json\/wp\/v2\/media\/1223"}],"wp:attachment":[{"href":"https:\/\/non-stopshop.eu\/ba\/wp-json\/wp\/v2\/media?parent=1222"}],"wp:term":[{"taxonomy":"product_brand","embeddable":true,"href":"https:\/\/non-stopshop.eu\/ba\/wp-json\/wp\/v2\/product_brand?post=1222"},{"taxonomy":"product_cat","embeddable":true,"href":"https:\/\/non-stopshop.eu\/ba\/wp-json\/wp\/v2\/product_cat?post=1222"},{"taxonomy":"product_tag","embeddable":true,"href":"https:\/\/non-stopshop.eu\/ba\/wp-json\/wp\/v2\/product_tag?post=1222"}],"curies":[{"name":"wp","href":"https:\/\/api.w.org\/{rel}","templated":true}]}}