{"id":1242,"date":"2021-01-12T10:31:13","date_gmt":"2021-01-12T09:31:13","guid":{"rendered":"https:\/\/shopium.eu\/ba\/?post_type=product&#038;p=1242"},"modified":"2021-01-12T10:34:45","modified_gmt":"2021-01-12T09:34:45","slug":"brushpens","status":"publish","type":"product","link":"https:\/\/non-stopshop.eu\/ba\/proizvod\/brushpens\/","title":{"rendered":"Bojice sa \u010detkicom &#8211; BrushPens"},"content":{"rendered":"","protected":false},"excerpt":{"rendered":"<ul>\n<li>Sjajne bojice, \u0161irokog sprektra boja idealne su za mnoge projekte kao bojenje, skiciranje, crtanje, slikarstvo, kaligrafiju, i jo\u0161 mnogo toga.<\/li>\n<li>Fleksibilan vrh najlonske \u010detkice, omogu\u0107ava vam stvaranje pravog remek dela ili preciznih linija, po potrebi na najobi\u010dnijem papiru.<\/li>\n<li>Tinte u bojicama su potpuno na bazi vode, netoksi\u010dne i sigurne za upotrebu i umetni\u010dko stvarala\u0161tvo na svim nivoima.<\/li>\n<\/ul>\n","protected":false},"featured_media":1248,"comment_status":"closed","ping_status":"closed","template":"","meta":{"inline_featured_image":false},"product_brand":[],"product_cat":[15],"product_tag":[],"class_list":{"0":"post-1242","1":"product","2":"type-product","3":"status-publish","4":"has-post-thumbnail","6":"product_cat-uncategorized","8":"first","9":"instock","10":"sale","11":"shipping-taxable","12":"purchasable","13":"product-type-simple"},"acf":[],"_links":{"self":[{"href":"https:\/\/non-stopshop.eu\/ba\/wp-json\/wp\/v2\/product\/1242","targetHints":{"allow":["GET"]}}],"collection":[{"href":"https:\/\/non-stopshop.eu\/ba\/wp-json\/wp\/v2\/product"}],"about":[{"href":"https:\/\/non-stopshop.eu\/ba\/wp-json\/wp\/v2\/types\/product"}],"replies":[{"embeddable":true,"href":"https:\/\/non-stopshop.eu\/ba\/wp-json\/wp\/v2\/comments?post=1242"}],"wp:featuredmedia":[{"embeddable":true,"href":"https:\/\/non-stopshop.eu\/ba\/wp-json\/wp\/v2\/media\/1248"}],"wp:attachment":[{"href":"https:\/\/non-stopshop.eu\/ba\/wp-json\/wp\/v2\/media?parent=1242"}],"wp:term":[{"taxonomy":"product_brand","embeddable":true,"href":"https:\/\/non-stopshop.eu\/ba\/wp-json\/wp\/v2\/product_brand?post=1242"},{"taxonomy":"product_cat","embeddable":true,"href":"https:\/\/non-stopshop.eu\/ba\/wp-json\/wp\/v2\/product_cat?post=1242"},{"taxonomy":"product_tag","embeddable":true,"href":"https:\/\/non-stopshop.eu\/ba\/wp-json\/wp\/v2\/product_tag?post=1242"}],"curies":[{"name":"wp","href":"https:\/\/api.w.org\/{rel}","templated":true}]}}