{"id":1251,"date":"2021-01-12T10:36:08","date_gmt":"2021-01-12T09:36:08","guid":{"rendered":"https:\/\/shopium.eu\/ba\/?post_type=product&#038;p=1251"},"modified":"2021-01-12T10:39:03","modified_gmt":"2021-01-12T09:39:03","slug":"handdrill","status":"publish","type":"product","link":"https:\/\/non-stopshop.eu\/ba\/proizvod\/handdrill\/","title":{"rendered":"Poluautomatska ru\u010dna bu\u0161ilica &#8211; HandDrill"},"content":{"rendered":"","protected":false},"excerpt":{"rendered":"<ul>\n<li>Precizna, visokokvalitetna i izdr\u017eljiva ru\u010dna bu\u0161ilica izra\u0111ena je od karbonskog \u010delika \u0161to vam daje apsolutnu garanciju na dugotrajnost.<\/li>\n<li>Bu\u0161ilica je \u0161irokog spektra primene i pogodna je za mnoge aktivnosti poput ru\u010dne izrade nakita, uradi sam projekata, nau\u010dnih istra\u017eivanja, kao i bu\u0161enja plastike, drveta, voska, oraha, gume, ali ekstra tvrde stvari se ne preporu\u010duju.<\/li>\n<li>Poluautomatska ru\u010dna bu\u0161ilica je veoma jednostavna za kori\u0161tenje, po\u0161tede\u0107e vas napora i umanjiti zamor ruke.<\/li>\n<\/ul>\n","protected":false},"featured_media":1257,"comment_status":"closed","ping_status":"closed","template":"","meta":{"inline_featured_image":false},"product_brand":[],"product_cat":[15],"product_tag":[],"class_list":{"0":"post-1251","1":"product","2":"type-product","3":"status-publish","4":"has-post-thumbnail","6":"product_cat-uncategorized","8":"first","9":"instock","10":"sale","11":"shipping-taxable","12":"purchasable","13":"product-type-simple"},"acf":[],"_links":{"self":[{"href":"https:\/\/non-stopshop.eu\/ba\/wp-json\/wp\/v2\/product\/1251","targetHints":{"allow":["GET"]}}],"collection":[{"href":"https:\/\/non-stopshop.eu\/ba\/wp-json\/wp\/v2\/product"}],"about":[{"href":"https:\/\/non-stopshop.eu\/ba\/wp-json\/wp\/v2\/types\/product"}],"replies":[{"embeddable":true,"href":"https:\/\/non-stopshop.eu\/ba\/wp-json\/wp\/v2\/comments?post=1251"}],"wp:featuredmedia":[{"embeddable":true,"href":"https:\/\/non-stopshop.eu\/ba\/wp-json\/wp\/v2\/media\/1257"}],"wp:attachment":[{"href":"https:\/\/non-stopshop.eu\/ba\/wp-json\/wp\/v2\/media?parent=1251"}],"wp:term":[{"taxonomy":"product_brand","embeddable":true,"href":"https:\/\/non-stopshop.eu\/ba\/wp-json\/wp\/v2\/product_brand?post=1251"},{"taxonomy":"product_cat","embeddable":true,"href":"https:\/\/non-stopshop.eu\/ba\/wp-json\/wp\/v2\/product_cat?post=1251"},{"taxonomy":"product_tag","embeddable":true,"href":"https:\/\/non-stopshop.eu\/ba\/wp-json\/wp\/v2\/product_tag?post=1251"}],"curies":[{"name":"wp","href":"https:\/\/api.w.org\/{rel}","templated":true}]}}