{"id":1269,"date":"2021-01-12T10:45:26","date_gmt":"2021-01-12T09:45:26","guid":{"rendered":"https:\/\/shopium.eu\/ba\/?post_type=product&#038;p=1269"},"modified":"2021-01-12T10:48:29","modified_gmt":"2021-01-12T09:48:29","slug":"wafflemaker","status":"publish","type":"product","link":"https:\/\/non-stopshop.eu\/ba\/proizvod\/wafflemaker\/","title":{"rendered":"Aparat za izradu vafla (mini) &#8211; WaffleMaker"},"content":{"rendered":"","protected":false},"excerpt":{"rendered":"<ul>\n<li>Sjajan aparat za brzinsku pripremu najukusnijeg doru\u010dka koji \u0107e biti koristan za sve \u010dlanove va\u0161e porodice.<\/li>\n<li>U mini izdanju, izradi\u0107e male vafle po va\u0161oj odabranoj recepturi koje \u0107e mali\u0161ani obo\u017eavati.<\/li>\n<li>Kvalietne izrade, od posebnih materijala, ukusni vafli se ne\u0107e zalepiti i tako stvoriti nered, ve\u0107 \u0107e biti savr\u0161enog oblika svaki ponaosob.<\/li>\n<\/ul>\n","protected":false},"featured_media":1274,"comment_status":"closed","ping_status":"closed","template":"","meta":{"inline_featured_image":false},"product_brand":[],"product_cat":[15],"product_tag":[],"class_list":{"0":"post-1269","1":"product","2":"type-product","3":"status-publish","4":"has-post-thumbnail","6":"product_cat-uncategorized","8":"first","9":"instock","10":"sale","11":"shipping-taxable","12":"purchasable","13":"product-type-simple"},"acf":[],"_links":{"self":[{"href":"https:\/\/non-stopshop.eu\/ba\/wp-json\/wp\/v2\/product\/1269","targetHints":{"allow":["GET"]}}],"collection":[{"href":"https:\/\/non-stopshop.eu\/ba\/wp-json\/wp\/v2\/product"}],"about":[{"href":"https:\/\/non-stopshop.eu\/ba\/wp-json\/wp\/v2\/types\/product"}],"replies":[{"embeddable":true,"href":"https:\/\/non-stopshop.eu\/ba\/wp-json\/wp\/v2\/comments?post=1269"}],"wp:featuredmedia":[{"embeddable":true,"href":"https:\/\/non-stopshop.eu\/ba\/wp-json\/wp\/v2\/media\/1274"}],"wp:attachment":[{"href":"https:\/\/non-stopshop.eu\/ba\/wp-json\/wp\/v2\/media?parent=1269"}],"wp:term":[{"taxonomy":"product_brand","embeddable":true,"href":"https:\/\/non-stopshop.eu\/ba\/wp-json\/wp\/v2\/product_brand?post=1269"},{"taxonomy":"product_cat","embeddable":true,"href":"https:\/\/non-stopshop.eu\/ba\/wp-json\/wp\/v2\/product_cat?post=1269"},{"taxonomy":"product_tag","embeddable":true,"href":"https:\/\/non-stopshop.eu\/ba\/wp-json\/wp\/v2\/product_tag?post=1269"}],"curies":[{"name":"wp","href":"https:\/\/api.w.org\/{rel}","templated":true}]}}