{"id":1276,"date":"2021-01-12T10:50:04","date_gmt":"2021-01-12T09:50:04","guid":{"rendered":"https:\/\/shopium.eu\/ba\/?post_type=product&#038;p=1276"},"modified":"2021-01-12T10:52:42","modified_gmt":"2021-01-12T09:52:42","slug":"pillowtoy","status":"publish","type":"product","link":"https:\/\/non-stopshop.eu\/ba\/proizvod\/pillowtoy\/","title":{"rendered":"Jastuk-pli\u0161ana igra\u010dka &#8211; PillowToy"},"content":{"rendered":"","protected":false},"excerpt":{"rendered":"<ul>\n<li>Jedinstvena pli\u0161ana igra\u010dka &#8211; pas tj. mekani jastuk je sve \u0161to vam je trebalo na putovanjima tokom du\u017ee vo\u017enje automobilom, autobusom ili avionom.<\/li>\n<li>Kvalitetne izrade, od pamuka punjenog mekanom pjenom za savr\u0161enu udobnost, ovu igra\u010dku \u0107e zavoljeti svi \u010dlanovi porodice.<\/li>\n<li>Kao poklon, ova igra\u010dka \u0107e biti unikat, pri tom veoma korisna,\u00a0 odu\u0161evi\u0107e sve, a prvenstveno decu.<\/li>\n<\/ul>\n","protected":false},"featured_media":1280,"comment_status":"closed","ping_status":"closed","template":"","meta":{"inline_featured_image":false},"product_brand":[],"product_cat":[15],"product_tag":[],"class_list":{"0":"post-1276","1":"product","2":"type-product","3":"status-publish","4":"has-post-thumbnail","6":"product_cat-uncategorized","8":"first","9":"instock","10":"sale","11":"shipping-taxable","12":"purchasable","13":"product-type-simple"},"acf":[],"_links":{"self":[{"href":"https:\/\/non-stopshop.eu\/ba\/wp-json\/wp\/v2\/product\/1276","targetHints":{"allow":["GET"]}}],"collection":[{"href":"https:\/\/non-stopshop.eu\/ba\/wp-json\/wp\/v2\/product"}],"about":[{"href":"https:\/\/non-stopshop.eu\/ba\/wp-json\/wp\/v2\/types\/product"}],"replies":[{"embeddable":true,"href":"https:\/\/non-stopshop.eu\/ba\/wp-json\/wp\/v2\/comments?post=1276"}],"wp:featuredmedia":[{"embeddable":true,"href":"https:\/\/non-stopshop.eu\/ba\/wp-json\/wp\/v2\/media\/1280"}],"wp:attachment":[{"href":"https:\/\/non-stopshop.eu\/ba\/wp-json\/wp\/v2\/media?parent=1276"}],"wp:term":[{"taxonomy":"product_brand","embeddable":true,"href":"https:\/\/non-stopshop.eu\/ba\/wp-json\/wp\/v2\/product_brand?post=1276"},{"taxonomy":"product_cat","embeddable":true,"href":"https:\/\/non-stopshop.eu\/ba\/wp-json\/wp\/v2\/product_cat?post=1276"},{"taxonomy":"product_tag","embeddable":true,"href":"https:\/\/non-stopshop.eu\/ba\/wp-json\/wp\/v2\/product_tag?post=1276"}],"curies":[{"name":"wp","href":"https:\/\/api.w.org\/{rel}","templated":true}]}}