{"id":12791,"date":"2023-11-13T08:34:11","date_gmt":"2023-11-13T07:34:11","guid":{"rendered":"https:\/\/non-stopshop.eu\/ba\/?post_type=product&#038;p=12791"},"modified":"2023-11-15T14:50:58","modified_gmt":"2023-11-15T13:50:58","slug":"okviri-za-djecije-radove","status":"publish","type":"product","link":"https:\/\/non-stopshop.eu\/ba\/proizvod\/okviri-za-djecije-radove\/","title":{"rendered":"Okviri za dje\u010dije radove"},"content":{"rendered":"","protected":false},"excerpt":{"rendered":"<p>Sa\u010duvajte radove va\u0161e djece, diplome ili fotografije i ponosno ih izlo\u017eite na zidu ili namje\u0161taju. Mali umjetnici \u0107e biti odu\u0161evljeni!<\/p>\n","protected":false},"featured_media":12797,"comment_status":"closed","ping_status":"closed","template":"","meta":{"inline_featured_image":false},"product_brand":[],"product_cat":[15,35],"product_tag":[],"class_list":{"0":"post-12791","1":"product","2":"type-product","3":"status-publish","4":"has-post-thumbnail","6":"product_cat-uncategorized","7":"product_cat-fun","9":"first","10":"instock","11":"sale","12":"shipping-taxable","13":"purchasable","14":"product-type-simple"},"acf":[],"_links":{"self":[{"href":"https:\/\/non-stopshop.eu\/ba\/wp-json\/wp\/v2\/product\/12791","targetHints":{"allow":["GET"]}}],"collection":[{"href":"https:\/\/non-stopshop.eu\/ba\/wp-json\/wp\/v2\/product"}],"about":[{"href":"https:\/\/non-stopshop.eu\/ba\/wp-json\/wp\/v2\/types\/product"}],"replies":[{"embeddable":true,"href":"https:\/\/non-stopshop.eu\/ba\/wp-json\/wp\/v2\/comments?post=12791"}],"wp:featuredmedia":[{"embeddable":true,"href":"https:\/\/non-stopshop.eu\/ba\/wp-json\/wp\/v2\/media\/12797"}],"wp:attachment":[{"href":"https:\/\/non-stopshop.eu\/ba\/wp-json\/wp\/v2\/media?parent=12791"}],"wp:term":[{"taxonomy":"product_brand","embeddable":true,"href":"https:\/\/non-stopshop.eu\/ba\/wp-json\/wp\/v2\/product_brand?post=12791"},{"taxonomy":"product_cat","embeddable":true,"href":"https:\/\/non-stopshop.eu\/ba\/wp-json\/wp\/v2\/product_cat?post=12791"},{"taxonomy":"product_tag","embeddable":true,"href":"https:\/\/non-stopshop.eu\/ba\/wp-json\/wp\/v2\/product_tag?post=12791"}],"curies":[{"name":"wp","href":"https:\/\/api.w.org\/{rel}","templated":true}]}}