{"id":12805,"date":"2023-11-13T08:42:10","date_gmt":"2023-11-13T07:42:10","guid":{"rendered":"https:\/\/non-stopshop.eu\/ba\/?post_type=product&#038;p=12805"},"modified":"2023-11-15T14:50:46","modified_gmt":"2023-11-15T13:50:46","slug":"rasprsivac-vode-sa-sistemom-za-zamagljivanje-masina-za-rezanje","status":"publish","type":"product","link":"https:\/\/non-stopshop.eu\/ba\/proizvod\/rasprsivac-vode-sa-sistemom-za-zamagljivanje-masina-za-rezanje\/","title":{"rendered":"Raspr\u0161iva\u010d vode sa sistemom za zamagljivanje ma\u0161ina za rezanje"},"content":{"rendered":"","protected":false},"excerpt":{"rendered":"<p>Br\u017ee, efikasnije i urednije re\u017eite sa ovim alatom. Odli\u010dan nastavak koji \u0107e da vam pomogne da budete optimalni u radu.<\/p>\n","protected":false},"featured_media":12821,"comment_status":"closed","ping_status":"closed","template":"","meta":{"inline_featured_image":false},"product_brand":[],"product_cat":[15,27],"product_tag":[],"class_list":{"0":"post-12805","1":"product","2":"type-product","3":"status-publish","4":"has-post-thumbnail","6":"product_cat-uncategorized","7":"product_cat-home","9":"first","10":"instock","11":"sale","12":"shipping-taxable","13":"purchasable","14":"product-type-simple"},"acf":[],"_links":{"self":[{"href":"https:\/\/non-stopshop.eu\/ba\/wp-json\/wp\/v2\/product\/12805","targetHints":{"allow":["GET"]}}],"collection":[{"href":"https:\/\/non-stopshop.eu\/ba\/wp-json\/wp\/v2\/product"}],"about":[{"href":"https:\/\/non-stopshop.eu\/ba\/wp-json\/wp\/v2\/types\/product"}],"replies":[{"embeddable":true,"href":"https:\/\/non-stopshop.eu\/ba\/wp-json\/wp\/v2\/comments?post=12805"}],"wp:featuredmedia":[{"embeddable":true,"href":"https:\/\/non-stopshop.eu\/ba\/wp-json\/wp\/v2\/media\/12821"}],"wp:attachment":[{"href":"https:\/\/non-stopshop.eu\/ba\/wp-json\/wp\/v2\/media?parent=12805"}],"wp:term":[{"taxonomy":"product_brand","embeddable":true,"href":"https:\/\/non-stopshop.eu\/ba\/wp-json\/wp\/v2\/product_brand?post=12805"},{"taxonomy":"product_cat","embeddable":true,"href":"https:\/\/non-stopshop.eu\/ba\/wp-json\/wp\/v2\/product_cat?post=12805"},{"taxonomy":"product_tag","embeddable":true,"href":"https:\/\/non-stopshop.eu\/ba\/wp-json\/wp\/v2\/product_tag?post=12805"}],"curies":[{"name":"wp","href":"https:\/\/api.w.org\/{rel}","templated":true}]}}