{"id":1283,"date":"2021-01-12T10:53:39","date_gmt":"2021-01-12T09:53:39","guid":{"rendered":"https:\/\/shopium.eu\/ba\/?post_type=product&#038;p=1283"},"modified":"2021-01-12T10:55:47","modified_gmt":"2021-01-12T09:55:47","slug":"bandside","status":"publish","type":"product","link":"https:\/\/non-stopshop.eu\/ba\/proizvod\/bandside\/","title":{"rendered":"Prilagodljive trake za ve\u017ebanje &#8211; BandSide"},"content":{"rendered":"","protected":false},"excerpt":{"rendered":"<ul>\n<li>Bilo da ste po\u010detnik ili profesionalac, ove sjajne trake \u0107e vam pru\u017eiti odgovaraju\u0107i otpor i tako unaprediti va\u0161e trena\u017ene sposobnosti.<\/li>\n<li>Sve trake su potpuno iste veli\u010dine, ali se razlikuju po ja\u010dini otpora koji mo\u017eete odabrati i prilagoditi svojim individualnim mogu\u0107nostima i \u017eeljama.<\/li>\n<li>Ovo su jedine trake na tr\u017ei\u0161tu koje se ne\u0107e klizati i tako stvarati nelagodnost tokom treninga jer imaju mehanizam protiv klizanja na unutra\u0161njoj strani.<\/li>\n<\/ul>\n","protected":false},"featured_media":1284,"comment_status":"closed","ping_status":"closed","template":"","meta":{"inline_featured_image":false},"product_brand":[],"product_cat":[15],"product_tag":[],"class_list":{"0":"post-1283","1":"product","2":"type-product","3":"status-publish","4":"has-post-thumbnail","6":"product_cat-uncategorized","8":"first","9":"instock","10":"sale","11":"shipping-taxable","12":"purchasable","13":"product-type-simple"},"acf":[],"_links":{"self":[{"href":"https:\/\/non-stopshop.eu\/ba\/wp-json\/wp\/v2\/product\/1283","targetHints":{"allow":["GET"]}}],"collection":[{"href":"https:\/\/non-stopshop.eu\/ba\/wp-json\/wp\/v2\/product"}],"about":[{"href":"https:\/\/non-stopshop.eu\/ba\/wp-json\/wp\/v2\/types\/product"}],"replies":[{"embeddable":true,"href":"https:\/\/non-stopshop.eu\/ba\/wp-json\/wp\/v2\/comments?post=1283"}],"wp:featuredmedia":[{"embeddable":true,"href":"https:\/\/non-stopshop.eu\/ba\/wp-json\/wp\/v2\/media\/1284"}],"wp:attachment":[{"href":"https:\/\/non-stopshop.eu\/ba\/wp-json\/wp\/v2\/media?parent=1283"}],"wp:term":[{"taxonomy":"product_brand","embeddable":true,"href":"https:\/\/non-stopshop.eu\/ba\/wp-json\/wp\/v2\/product_brand?post=1283"},{"taxonomy":"product_cat","embeddable":true,"href":"https:\/\/non-stopshop.eu\/ba\/wp-json\/wp\/v2\/product_cat?post=1283"},{"taxonomy":"product_tag","embeddable":true,"href":"https:\/\/non-stopshop.eu\/ba\/wp-json\/wp\/v2\/product_tag?post=1283"}],"curies":[{"name":"wp","href":"https:\/\/api.w.org\/{rel}","templated":true}]}}