{"id":12883,"date":"2023-11-13T09:21:37","date_gmt":"2023-11-13T08:21:37","guid":{"rendered":"https:\/\/non-stopshop.eu\/ba\/?post_type=product&#038;p=12883"},"modified":"2023-11-15T14:51:16","modified_gmt":"2023-11-15T13:51:16","slug":"montessori-magnetna-igra-sortiranja-brojeva-i-boja","status":"publish","type":"product","link":"https:\/\/non-stopshop.eu\/ba\/proizvod\/montessori-magnetna-igra-sortiranja-brojeva-i-boja\/","title":{"rendered":"Montessori magnetna igra sortiranja brojeva i boja"},"content":{"rendered":"","protected":false},"excerpt":{"rendered":"<p>Lavirint igra\u010dka sa magnetima fenomenalna za razvoj motori\u010dkih sposobnosti, u\u010denje boja, brojeva i vje\u017ebanje preciznosti i strpljenja!<\/p>\n","protected":false},"featured_media":12895,"comment_status":"closed","ping_status":"closed","template":"","meta":{"inline_featured_image":false},"product_brand":[],"product_cat":[15,35],"product_tag":[],"class_list":{"0":"post-12883","1":"product","2":"type-product","3":"status-publish","4":"has-post-thumbnail","6":"product_cat-uncategorized","7":"product_cat-fun","9":"first","10":"instock","11":"sale","12":"shipping-taxable","13":"purchasable","14":"product-type-simple"},"acf":[],"_links":{"self":[{"href":"https:\/\/non-stopshop.eu\/ba\/wp-json\/wp\/v2\/product\/12883","targetHints":{"allow":["GET"]}}],"collection":[{"href":"https:\/\/non-stopshop.eu\/ba\/wp-json\/wp\/v2\/product"}],"about":[{"href":"https:\/\/non-stopshop.eu\/ba\/wp-json\/wp\/v2\/types\/product"}],"replies":[{"embeddable":true,"href":"https:\/\/non-stopshop.eu\/ba\/wp-json\/wp\/v2\/comments?post=12883"}],"wp:featuredmedia":[{"embeddable":true,"href":"https:\/\/non-stopshop.eu\/ba\/wp-json\/wp\/v2\/media\/12895"}],"wp:attachment":[{"href":"https:\/\/non-stopshop.eu\/ba\/wp-json\/wp\/v2\/media?parent=12883"}],"wp:term":[{"taxonomy":"product_brand","embeddable":true,"href":"https:\/\/non-stopshop.eu\/ba\/wp-json\/wp\/v2\/product_brand?post=12883"},{"taxonomy":"product_cat","embeddable":true,"href":"https:\/\/non-stopshop.eu\/ba\/wp-json\/wp\/v2\/product_cat?post=12883"},{"taxonomy":"product_tag","embeddable":true,"href":"https:\/\/non-stopshop.eu\/ba\/wp-json\/wp\/v2\/product_tag?post=12883"}],"curies":[{"name":"wp","href":"https:\/\/api.w.org\/{rel}","templated":true}]}}