{"id":1290,"date":"2021-01-12T16:03:39","date_gmt":"2021-01-12T15:03:39","guid":{"rendered":"https:\/\/shopium.eu\/ba\/?post_type=product&#038;p=1290"},"modified":"2021-01-12T16:13:40","modified_gmt":"2021-01-12T15:13:40","slug":"sprocket","status":"publish","type":"product","link":"https:\/\/non-stopshop.eu\/ba\/proizvod\/sprocket\/","title":{"rendered":"Spiner (uradi sam) set &#8211; Sprocket"},"content":{"rendered":"","protected":false},"excerpt":{"rendered":"<ul>\n<li>Smanjite napetost, ispoljite kreativnost i oslobodite ma\u0161tu igraju\u0107i se sa ovim\u00a0 setom koji \u0107ete sastaviti u minijaturni spiner i mo\u0107i da vrtite izme\u0111u prstiju \u0161to \u0107e delovati na vas kao prava anti stres terapija.<\/li>\n<li>U\u017eiva\u0107ete u sjajnoj i neobi\u010dnoj vrsti zabave sa va\u0161im mali\u0161anima i tako unaprediti me\u0111usobne odnose, a sve to kroz igru.<\/li>\n<li>U setu se nalazi \u010dak 16 preciznih delova, a na vama je da ih sastavite u jedan spiner koji \u0107ete mo\u0107i da nosite u d\u017eepu bilo kuda sa sobom.<\/li>\n<\/ul>\n","protected":false},"featured_media":1293,"comment_status":"closed","ping_status":"closed","template":"","meta":{"inline_featured_image":false},"product_brand":[],"product_cat":[15],"product_tag":[],"class_list":{"0":"post-1290","1":"product","2":"type-product","3":"status-publish","4":"has-post-thumbnail","6":"product_cat-uncategorized","8":"first","9":"instock","10":"sale","11":"shipping-taxable","12":"purchasable","13":"product-type-simple"},"acf":[],"_links":{"self":[{"href":"https:\/\/non-stopshop.eu\/ba\/wp-json\/wp\/v2\/product\/1290","targetHints":{"allow":["GET"]}}],"collection":[{"href":"https:\/\/non-stopshop.eu\/ba\/wp-json\/wp\/v2\/product"}],"about":[{"href":"https:\/\/non-stopshop.eu\/ba\/wp-json\/wp\/v2\/types\/product"}],"replies":[{"embeddable":true,"href":"https:\/\/non-stopshop.eu\/ba\/wp-json\/wp\/v2\/comments?post=1290"}],"wp:featuredmedia":[{"embeddable":true,"href":"https:\/\/non-stopshop.eu\/ba\/wp-json\/wp\/v2\/media\/1293"}],"wp:attachment":[{"href":"https:\/\/non-stopshop.eu\/ba\/wp-json\/wp\/v2\/media?parent=1290"}],"wp:term":[{"taxonomy":"product_brand","embeddable":true,"href":"https:\/\/non-stopshop.eu\/ba\/wp-json\/wp\/v2\/product_brand?post=1290"},{"taxonomy":"product_cat","embeddable":true,"href":"https:\/\/non-stopshop.eu\/ba\/wp-json\/wp\/v2\/product_cat?post=1290"},{"taxonomy":"product_tag","embeddable":true,"href":"https:\/\/non-stopshop.eu\/ba\/wp-json\/wp\/v2\/product_tag?post=1290"}],"curies":[{"name":"wp","href":"https:\/\/api.w.org\/{rel}","templated":true}]}}