{"id":12969,"date":"2023-11-13T10:03:04","date_gmt":"2023-11-13T09:03:04","guid":{"rendered":"https:\/\/non-stopshop.eu\/ba\/?post_type=product&#038;p=12969"},"modified":"2024-01-17T11:01:38","modified_gmt":"2024-01-17T10:01:38","slug":"enzimsko-sredstvo-za-uklanjanje-mrlja","status":"publish","type":"product","link":"https:\/\/non-stopshop.eu\/ba\/proizvod\/enzimsko-sredstvo-za-uklanjanje-mrlja\/","title":{"rendered":"Enzimsko sredstvo za uklanjanje mrlja"},"content":{"rendered":"","protected":false},"excerpt":{"rendered":"<p>Rije\u0161ite se svih dosadnih tvrdokornih mrlja na va\u0161oj odje\u0107i u samo par minuta!<\/p>\n","protected":false},"featured_media":12976,"comment_status":"closed","ping_status":"closed","template":"","meta":{"inline_featured_image":false},"product_brand":[],"product_cat":[15,27],"product_tag":[],"class_list":{"0":"post-12969","1":"product","2":"type-product","3":"status-publish","4":"has-post-thumbnail","6":"product_cat-uncategorized","7":"product_cat-home","9":"first","10":"instock","11":"sale","12":"shipping-taxable","13":"purchasable","14":"product-type-simple"},"acf":[],"_links":{"self":[{"href":"https:\/\/non-stopshop.eu\/ba\/wp-json\/wp\/v2\/product\/12969","targetHints":{"allow":["GET"]}}],"collection":[{"href":"https:\/\/non-stopshop.eu\/ba\/wp-json\/wp\/v2\/product"}],"about":[{"href":"https:\/\/non-stopshop.eu\/ba\/wp-json\/wp\/v2\/types\/product"}],"replies":[{"embeddable":true,"href":"https:\/\/non-stopshop.eu\/ba\/wp-json\/wp\/v2\/comments?post=12969"}],"wp:featuredmedia":[{"embeddable":true,"href":"https:\/\/non-stopshop.eu\/ba\/wp-json\/wp\/v2\/media\/12976"}],"wp:attachment":[{"href":"https:\/\/non-stopshop.eu\/ba\/wp-json\/wp\/v2\/media?parent=12969"}],"wp:term":[{"taxonomy":"product_brand","embeddable":true,"href":"https:\/\/non-stopshop.eu\/ba\/wp-json\/wp\/v2\/product_brand?post=12969"},{"taxonomy":"product_cat","embeddable":true,"href":"https:\/\/non-stopshop.eu\/ba\/wp-json\/wp\/v2\/product_cat?post=12969"},{"taxonomy":"product_tag","embeddable":true,"href":"https:\/\/non-stopshop.eu\/ba\/wp-json\/wp\/v2\/product_tag?post=12969"}],"curies":[{"name":"wp","href":"https:\/\/api.w.org\/{rel}","templated":true}]}}