{"id":1298,"date":"2021-01-12T16:20:15","date_gmt":"2021-01-12T15:20:15","guid":{"rendered":"https:\/\/shopium.eu\/ba\/?post_type=product&#038;p=1298"},"modified":"2021-01-12T16:41:42","modified_gmt":"2021-01-12T15:41:42","slug":"train","status":"publish","type":"product","link":"https:\/\/non-stopshop.eu\/ba\/proizvod\/train\/","title":{"rendered":"Set za sastavljanje voza &#8211; Train"},"content":{"rendered":"","protected":false},"excerpt":{"rendered":"<ul>\n<li>Zanimljiv set od drveta uz pomo\u0107u kojeg \u0107ete svojim rukama sastaviti voz koji po svojoj autenti\u010dnosti podsje\u0107a na vozove kakvi su bili 1980-ih godina.<\/li>\n<li>U\u017eivajte u prezabavnoj igri sastavljanja voza sa va\u0161im mali\u0161anima koji \u0107e biti odu\u0161evljeni i unaprijedite me\u0111usobne odnose, a sve to kroz igru.<\/li>\n<li>Ovo je sjajno za unaprije\u0111ivanje nekih pozitivnih osobina kako kod djece, tako i kod odraslih, poput podsticanja na razmi\u0161ljanje i razvoj inteligencije.<\/li>\n<\/ul>\n","protected":false},"featured_media":1299,"comment_status":"closed","ping_status":"closed","template":"","meta":{"inline_featured_image":false},"product_brand":[],"product_cat":[15],"product_tag":[],"class_list":{"0":"post-1298","1":"product","2":"type-product","3":"status-publish","4":"has-post-thumbnail","6":"product_cat-uncategorized","8":"first","9":"instock","10":"sale","11":"shipping-taxable","12":"purchasable","13":"product-type-simple"},"acf":[],"_links":{"self":[{"href":"https:\/\/non-stopshop.eu\/ba\/wp-json\/wp\/v2\/product\/1298","targetHints":{"allow":["GET"]}}],"collection":[{"href":"https:\/\/non-stopshop.eu\/ba\/wp-json\/wp\/v2\/product"}],"about":[{"href":"https:\/\/non-stopshop.eu\/ba\/wp-json\/wp\/v2\/types\/product"}],"replies":[{"embeddable":true,"href":"https:\/\/non-stopshop.eu\/ba\/wp-json\/wp\/v2\/comments?post=1298"}],"wp:featuredmedia":[{"embeddable":true,"href":"https:\/\/non-stopshop.eu\/ba\/wp-json\/wp\/v2\/media\/1299"}],"wp:attachment":[{"href":"https:\/\/non-stopshop.eu\/ba\/wp-json\/wp\/v2\/media?parent=1298"}],"wp:term":[{"taxonomy":"product_brand","embeddable":true,"href":"https:\/\/non-stopshop.eu\/ba\/wp-json\/wp\/v2\/product_brand?post=1298"},{"taxonomy":"product_cat","embeddable":true,"href":"https:\/\/non-stopshop.eu\/ba\/wp-json\/wp\/v2\/product_cat?post=1298"},{"taxonomy":"product_tag","embeddable":true,"href":"https:\/\/non-stopshop.eu\/ba\/wp-json\/wp\/v2\/product_tag?post=1298"}],"curies":[{"name":"wp","href":"https:\/\/api.w.org\/{rel}","templated":true}]}}