{"id":12984,"date":"2023-11-13T11:10:43","date_gmt":"2023-11-13T10:10:43","guid":{"rendered":"https:\/\/non-stopshop.eu\/ba\/?post_type=product&#038;p=12984"},"modified":"2023-11-13T11:32:47","modified_gmt":"2023-11-13T10:32:47","slug":"set-navoja-za-zaptivanje","status":"publish","type":"product","link":"https:\/\/non-stopshop.eu\/ba\/proizvod\/set-navoja-za-zaptivanje\/","title":{"rendered":"Set navoja za zaptivanje"},"content":{"rendered":"","protected":false},"excerpt":{"rendered":"<p>U\u010dinkovito, brzo i povoljno rije\u0161ite curenja vode, zraka ili ulja. Minimalni tro\u0161kovi za optimalne rezultate.<\/p>\n","protected":false},"featured_media":12988,"comment_status":"closed","ping_status":"closed","template":"","meta":{"inline_featured_image":false},"product_brand":[],"product_cat":[15,27],"product_tag":[],"class_list":{"0":"post-12984","1":"product","2":"type-product","3":"status-publish","4":"has-post-thumbnail","6":"product_cat-uncategorized","7":"product_cat-home","9":"first","10":"instock","11":"sale","12":"shipping-taxable","13":"purchasable","14":"product-type-simple"},"acf":[],"_links":{"self":[{"href":"https:\/\/non-stopshop.eu\/ba\/wp-json\/wp\/v2\/product\/12984","targetHints":{"allow":["GET"]}}],"collection":[{"href":"https:\/\/non-stopshop.eu\/ba\/wp-json\/wp\/v2\/product"}],"about":[{"href":"https:\/\/non-stopshop.eu\/ba\/wp-json\/wp\/v2\/types\/product"}],"replies":[{"embeddable":true,"href":"https:\/\/non-stopshop.eu\/ba\/wp-json\/wp\/v2\/comments?post=12984"}],"wp:featuredmedia":[{"embeddable":true,"href":"https:\/\/non-stopshop.eu\/ba\/wp-json\/wp\/v2\/media\/12988"}],"wp:attachment":[{"href":"https:\/\/non-stopshop.eu\/ba\/wp-json\/wp\/v2\/media?parent=12984"}],"wp:term":[{"taxonomy":"product_brand","embeddable":true,"href":"https:\/\/non-stopshop.eu\/ba\/wp-json\/wp\/v2\/product_brand?post=12984"},{"taxonomy":"product_cat","embeddable":true,"href":"https:\/\/non-stopshop.eu\/ba\/wp-json\/wp\/v2\/product_cat?post=12984"},{"taxonomy":"product_tag","embeddable":true,"href":"https:\/\/non-stopshop.eu\/ba\/wp-json\/wp\/v2\/product_tag?post=12984"}],"curies":[{"name":"wp","href":"https:\/\/api.w.org\/{rel}","templated":true}]}}