{"id":1306,"date":"2021-01-12T16:47:49","date_gmt":"2021-01-12T15:47:49","guid":{"rendered":"https:\/\/shopium.eu\/ba\/?post_type=product&#038;p=1306"},"modified":"2021-01-12T16:57:22","modified_gmt":"2021-01-12T15:57:22","slug":"projectortoy","status":"publish","type":"product","link":"https:\/\/non-stopshop.eu\/ba\/proizvod\/projectortoy\/","title":{"rendered":"De\u010diji projektor za crtanje &#8211; ProjectorToy"},"content":{"rendered":"","protected":false},"excerpt":{"rendered":"<ul>\n<li>Sjajan projektor za crtanje koji \u0107e unaprediti kreativne ve\u0161tine kod va\u0161ih mali\u0161ana i zadr\u017eati im pa\u017enju dugo vremena.<\/li>\n<li>Deca mogu da crtaju na osnovu uzorka koji projektor projektuje na stolu ili na knjizi crte\u017ea i tako stvaraju prava mala remek dela,<\/li>\n<li>Crtanje deci poma\u017ee da razvijaju koordinaciju pokreta, kao i percepciju boja, a ovaj projektor ima \u010dak 24 razli\u010dita uzorka po kojima mogu da crtaju i boje.<\/li>\n<\/ul>\n","protected":false},"featured_media":1307,"comment_status":"closed","ping_status":"closed","template":"","meta":{"inline_featured_image":false},"product_brand":[],"product_cat":[15],"product_tag":[],"class_list":{"0":"post-1306","1":"product","2":"type-product","3":"status-publish","4":"has-post-thumbnail","6":"product_cat-uncategorized","8":"first","9":"instock","10":"sale","11":"shipping-taxable","12":"purchasable","13":"product-type-simple"},"acf":[],"_links":{"self":[{"href":"https:\/\/non-stopshop.eu\/ba\/wp-json\/wp\/v2\/product\/1306","targetHints":{"allow":["GET"]}}],"collection":[{"href":"https:\/\/non-stopshop.eu\/ba\/wp-json\/wp\/v2\/product"}],"about":[{"href":"https:\/\/non-stopshop.eu\/ba\/wp-json\/wp\/v2\/types\/product"}],"replies":[{"embeddable":true,"href":"https:\/\/non-stopshop.eu\/ba\/wp-json\/wp\/v2\/comments?post=1306"}],"wp:featuredmedia":[{"embeddable":true,"href":"https:\/\/non-stopshop.eu\/ba\/wp-json\/wp\/v2\/media\/1307"}],"wp:attachment":[{"href":"https:\/\/non-stopshop.eu\/ba\/wp-json\/wp\/v2\/media?parent=1306"}],"wp:term":[{"taxonomy":"product_brand","embeddable":true,"href":"https:\/\/non-stopshop.eu\/ba\/wp-json\/wp\/v2\/product_brand?post=1306"},{"taxonomy":"product_cat","embeddable":true,"href":"https:\/\/non-stopshop.eu\/ba\/wp-json\/wp\/v2\/product_cat?post=1306"},{"taxonomy":"product_tag","embeddable":true,"href":"https:\/\/non-stopshop.eu\/ba\/wp-json\/wp\/v2\/product_tag?post=1306"}],"curies":[{"name":"wp","href":"https:\/\/api.w.org\/{rel}","templated":true}]}}