{"id":1316,"date":"2021-01-13T08:15:02","date_gmt":"2021-01-13T07:15:02","guid":{"rendered":"https:\/\/shopium.eu\/ba\/?post_type=product&#038;p=1316"},"modified":"2021-01-13T08:23:12","modified_gmt":"2021-01-13T07:23:12","slug":"musicfull","status":"publish","type":"product","link":"https:\/\/non-stopshop.eu\/ba\/proizvod\/musicfull\/","title":{"rendered":"\u0160arena muzi\u010dka kutija &#8211; Musicfull"},"content":{"rendered":"","protected":false},"excerpt":{"rendered":"<ul>\n<li>Ova prekrasna drvena muzi\u010dka kutija izdvaja se po \u017eivopisnom i jedinstvenom dizajnu sa smisaonom porukom ugraviranom unutar kutije, namenjenu upravo va\u0161oj supruzi.<\/li>\n<li>Predivan ritam ugra\u0111en u ovu sjajnu muzi\u010dku kutiju da\u0107e poseban ugo\u0111aj u trenutku kada je poklanjate dragoj vam osobi koja \u0107e zasigurno biti odu\u0161evljena.<\/li>\n<li>Ru\u010dno izra\u0111ena, od najfinijeg drveta pa\u017eljivo izrezbarenog, muzi\u010dka kutija \u0107e biti pravo iznena\u0111enje za va\u0161u lep\u0161u polovinu.<\/li>\n<\/ul>\n","protected":false},"featured_media":1317,"comment_status":"closed","ping_status":"closed","template":"","meta":{"inline_featured_image":false},"product_brand":[],"product_cat":[15],"product_tag":[],"class_list":{"0":"post-1316","1":"product","2":"type-product","3":"status-publish","4":"has-post-thumbnail","6":"product_cat-uncategorized","8":"first","9":"instock","10":"sale","11":"shipping-taxable","12":"purchasable","13":"product-type-simple"},"acf":[],"_links":{"self":[{"href":"https:\/\/non-stopshop.eu\/ba\/wp-json\/wp\/v2\/product\/1316","targetHints":{"allow":["GET"]}}],"collection":[{"href":"https:\/\/non-stopshop.eu\/ba\/wp-json\/wp\/v2\/product"}],"about":[{"href":"https:\/\/non-stopshop.eu\/ba\/wp-json\/wp\/v2\/types\/product"}],"replies":[{"embeddable":true,"href":"https:\/\/non-stopshop.eu\/ba\/wp-json\/wp\/v2\/comments?post=1316"}],"wp:featuredmedia":[{"embeddable":true,"href":"https:\/\/non-stopshop.eu\/ba\/wp-json\/wp\/v2\/media\/1317"}],"wp:attachment":[{"href":"https:\/\/non-stopshop.eu\/ba\/wp-json\/wp\/v2\/media?parent=1316"}],"wp:term":[{"taxonomy":"product_brand","embeddable":true,"href":"https:\/\/non-stopshop.eu\/ba\/wp-json\/wp\/v2\/product_brand?post=1316"},{"taxonomy":"product_cat","embeddable":true,"href":"https:\/\/non-stopshop.eu\/ba\/wp-json\/wp\/v2\/product_cat?post=1316"},{"taxonomy":"product_tag","embeddable":true,"href":"https:\/\/non-stopshop.eu\/ba\/wp-json\/wp\/v2\/product_tag?post=1316"}],"curies":[{"name":"wp","href":"https:\/\/api.w.org\/{rel}","templated":true}]}}