{"id":1325,"date":"2021-01-13T08:27:54","date_gmt":"2021-01-13T07:27:54","guid":{"rendered":"https:\/\/shopium.eu\/ba\/?post_type=product&#038;p=1325"},"modified":"2021-01-13T08:31:29","modified_gmt":"2021-01-13T07:31:29","slug":"topsuction","status":"publish","type":"product","link":"https:\/\/non-stopshop.eu\/ba\/proizvod\/topsuction\/","title":{"rendered":"Prilagodljivi vakumski dr\u017ea\u010d &#8211; TopSuction"},"content":{"rendered":"","protected":false},"excerpt":{"rendered":"<ul>\n<li>Koristite usisne \u010da\u0161e kako biste si pripomogli u poslovima fiksiranja poda tj. materijala za podove i koristite posesivu ru\u010dku koja \u0107e izravnati sve potrebne povr\u0161ine.<\/li>\n<li>Ova sjajna alatka \u0107e vam pomo\u0107i da svoj posao zavr\u0161ite u najkra\u0107em vremenskom roku uz najve\u0107u mogu\u0107u efikasnost jer koristi posebnu metodu vakuma za olak\u0161avanje procesa instalacije i postavljanja podova.<\/li>\n<li>Veoma pogodno za bilo koji materijal na koji usisna (vakum) \u010da\u0161a mo\u017ee da se pri\u010dvrsti poput mramora, metalnig granita, keramike, stakla, plastike, drveta, itd.<\/li>\n<\/ul>\n","protected":false},"featured_media":1326,"comment_status":"closed","ping_status":"closed","template":"","meta":{"inline_featured_image":false},"product_brand":[],"product_cat":[15],"product_tag":[],"class_list":{"0":"post-1325","1":"product","2":"type-product","3":"status-publish","4":"has-post-thumbnail","6":"product_cat-uncategorized","8":"first","9":"instock","10":"sale","11":"shipping-taxable","12":"purchasable","13":"product-type-simple"},"acf":[],"_links":{"self":[{"href":"https:\/\/non-stopshop.eu\/ba\/wp-json\/wp\/v2\/product\/1325","targetHints":{"allow":["GET"]}}],"collection":[{"href":"https:\/\/non-stopshop.eu\/ba\/wp-json\/wp\/v2\/product"}],"about":[{"href":"https:\/\/non-stopshop.eu\/ba\/wp-json\/wp\/v2\/types\/product"}],"replies":[{"embeddable":true,"href":"https:\/\/non-stopshop.eu\/ba\/wp-json\/wp\/v2\/comments?post=1325"}],"wp:featuredmedia":[{"embeddable":true,"href":"https:\/\/non-stopshop.eu\/ba\/wp-json\/wp\/v2\/media\/1326"}],"wp:attachment":[{"href":"https:\/\/non-stopshop.eu\/ba\/wp-json\/wp\/v2\/media?parent=1325"}],"wp:term":[{"taxonomy":"product_brand","embeddable":true,"href":"https:\/\/non-stopshop.eu\/ba\/wp-json\/wp\/v2\/product_brand?post=1325"},{"taxonomy":"product_cat","embeddable":true,"href":"https:\/\/non-stopshop.eu\/ba\/wp-json\/wp\/v2\/product_cat?post=1325"},{"taxonomy":"product_tag","embeddable":true,"href":"https:\/\/non-stopshop.eu\/ba\/wp-json\/wp\/v2\/product_tag?post=1325"}],"curies":[{"name":"wp","href":"https:\/\/api.w.org\/{rel}","templated":true}]}}