{"id":1334,"date":"2021-01-13T08:35:48","date_gmt":"2021-01-13T07:35:48","guid":{"rendered":"https:\/\/shopium.eu\/ba\/?post_type=product&#038;p=1334"},"modified":"2021-01-13T08:41:37","modified_gmt":"2021-01-13T07:41:37","slug":"rivettool","status":"publish","type":"product","link":"https:\/\/non-stopshop.eu\/ba\/proizvod\/rivettool\/","title":{"rendered":"Set alata za pri\u010dvr\u0161\u0107ivanje &#8211; RivetTool"},"content":{"rendered":"","protected":false},"excerpt":{"rendered":"<ul>\n<li>Ovaj sjajni set alata \u0107e vam pru\u017eiti jednostavno i brzo mijenjanje i pri\u010dvr\u0161\u0107ivanje \u0161arafa i matica bez potrebe za dodatnim alatkama.<\/li>\n<li>Jak i izdr\u017ejiv alat izra\u0111en od ugljenog \u010delika sa toplotno tretiranim crnim fosfatom koji ga \u0161titi od korozije da\u0107e vam garanciju na dugotrajnu upotrebu.<\/li>\n<li>Ergonomske ru\u010dke pru\u017eaju posebnu ugodnost upotrebe kao i lak rad.<\/li>\n<li>Tako\u0111e, ovaj set je idealan i pametno je dizajniran za dosezanje te\u0161ko dostupnih mjesta.<\/li>\n<\/ul>\n","protected":false},"featured_media":1342,"comment_status":"closed","ping_status":"closed","template":"","meta":{"inline_featured_image":false},"product_brand":[],"product_cat":[15],"product_tag":[],"class_list":{"0":"post-1334","1":"product","2":"type-product","3":"status-publish","4":"has-post-thumbnail","6":"product_cat-uncategorized","8":"first","9":"instock","10":"sale","11":"shipping-taxable","12":"purchasable","13":"product-type-simple"},"acf":[],"_links":{"self":[{"href":"https:\/\/non-stopshop.eu\/ba\/wp-json\/wp\/v2\/product\/1334","targetHints":{"allow":["GET"]}}],"collection":[{"href":"https:\/\/non-stopshop.eu\/ba\/wp-json\/wp\/v2\/product"}],"about":[{"href":"https:\/\/non-stopshop.eu\/ba\/wp-json\/wp\/v2\/types\/product"}],"replies":[{"embeddable":true,"href":"https:\/\/non-stopshop.eu\/ba\/wp-json\/wp\/v2\/comments?post=1334"}],"wp:featuredmedia":[{"embeddable":true,"href":"https:\/\/non-stopshop.eu\/ba\/wp-json\/wp\/v2\/media\/1342"}],"wp:attachment":[{"href":"https:\/\/non-stopshop.eu\/ba\/wp-json\/wp\/v2\/media?parent=1334"}],"wp:term":[{"taxonomy":"product_brand","embeddable":true,"href":"https:\/\/non-stopshop.eu\/ba\/wp-json\/wp\/v2\/product_brand?post=1334"},{"taxonomy":"product_cat","embeddable":true,"href":"https:\/\/non-stopshop.eu\/ba\/wp-json\/wp\/v2\/product_cat?post=1334"},{"taxonomy":"product_tag","embeddable":true,"href":"https:\/\/non-stopshop.eu\/ba\/wp-json\/wp\/v2\/product_tag?post=1334"}],"curies":[{"name":"wp","href":"https:\/\/api.w.org\/{rel}","templated":true}]}}