{"id":1343,"date":"2021-01-13T08:42:06","date_gmt":"2021-01-13T07:42:06","guid":{"rendered":"https:\/\/shopium.eu\/ba\/?post_type=product&#038;p=1343"},"modified":"2021-01-13T08:45:05","modified_gmt":"2021-01-13T07:45:05","slug":"hoodie","status":"publish","type":"product","link":"https:\/\/non-stopshop.eu\/ba\/proizvod\/hoodie\/","title":{"rendered":"Topli dje\u010diji duks &#8211; Hoodie"},"content":{"rendered":"","protected":false},"excerpt":{"rendered":"<ul>\n<li>Preslatka pli\u0161ana igra\u010dka u obliku \u017eivotinja je jednostavno otvori sa rajfer\u0161lusom i postaje premekani pli\u0161ani duks koji \u0107e ugrejati va\u0161e mali\u0161ane u predstoje\u0107im zimskim danima, a kada ih ne nose, samo ih je potrebno saviti i ponovo vratiti u oblik igra\u010dke.<\/li>\n<li>\u017eMo\u017eete ih poru\u010diti u zanimljivim oblicima poput jednoroga, psa, mace, dinosaurusa, i sl.<\/li>\n<li>Idealno je za putovanja i duge vo\u017enje automobilom kada vam omiljena igra\u010dka mo\u017ee poslu\u017eiti i kao jastuk ili kao duks.<\/li>\n<\/ul>\n","protected":false},"featured_media":1346,"comment_status":"closed","ping_status":"closed","template":"","meta":{"inline_featured_image":false},"product_brand":[],"product_cat":[15],"product_tag":[],"class_list":{"0":"post-1343","1":"product","2":"type-product","3":"status-publish","4":"has-post-thumbnail","6":"product_cat-uncategorized","8":"first","9":"instock","10":"sale","11":"shipping-taxable","12":"purchasable","13":"product-type-simple"},"acf":[],"_links":{"self":[{"href":"https:\/\/non-stopshop.eu\/ba\/wp-json\/wp\/v2\/product\/1343","targetHints":{"allow":["GET"]}}],"collection":[{"href":"https:\/\/non-stopshop.eu\/ba\/wp-json\/wp\/v2\/product"}],"about":[{"href":"https:\/\/non-stopshop.eu\/ba\/wp-json\/wp\/v2\/types\/product"}],"replies":[{"embeddable":true,"href":"https:\/\/non-stopshop.eu\/ba\/wp-json\/wp\/v2\/comments?post=1343"}],"wp:featuredmedia":[{"embeddable":true,"href":"https:\/\/non-stopshop.eu\/ba\/wp-json\/wp\/v2\/media\/1346"}],"wp:attachment":[{"href":"https:\/\/non-stopshop.eu\/ba\/wp-json\/wp\/v2\/media?parent=1343"}],"wp:term":[{"taxonomy":"product_brand","embeddable":true,"href":"https:\/\/non-stopshop.eu\/ba\/wp-json\/wp\/v2\/product_brand?post=1343"},{"taxonomy":"product_cat","embeddable":true,"href":"https:\/\/non-stopshop.eu\/ba\/wp-json\/wp\/v2\/product_cat?post=1343"},{"taxonomy":"product_tag","embeddable":true,"href":"https:\/\/non-stopshop.eu\/ba\/wp-json\/wp\/v2\/product_tag?post=1343"}],"curies":[{"name":"wp","href":"https:\/\/api.w.org\/{rel}","templated":true}]}}