{"id":1353,"date":"2021-01-13T08:45:42","date_gmt":"2021-01-13T07:45:42","guid":{"rendered":"https:\/\/shopium.eu\/ba\/?post_type=product&#038;p=1353"},"modified":"2021-01-13T08:47:22","modified_gmt":"2021-01-13T07:47:22","slug":"spiderprank","status":"publish","type":"product","link":"https:\/\/non-stopshop.eu\/ba\/proizvod\/spiderprank\/","title":{"rendered":"Kutija sa paukom &#8211; SpiderPrank"},"content":{"rendered":"","protected":false},"excerpt":{"rendered":"<ul>\n<li>Apsolutni hit ukoliko \u017eelite da zastra\u0161ite prijatelje, a pri tom se svi dobro zabavite i nasmejete.<\/li>\n<li>Ovu kutiju samo predajte prijatelju na poklon, koji \u0107e naravno \u017eeljeti da vidi \u0161ta je unutra, a kada to u\u010dini, vani \u0107e isko\u010diti veliki, jezivi, gumeni pauk!<\/li>\n<li>Ova kutija je ru\u010dno pravljena od kvalitetnog drveta, izdr\u017eljiva je i kruta, osmi\u0161ljena da dugo traje.<\/li>\n<li>Neka zabava i smeh po\u010dnu!<\/li>\n<\/ul>\n","protected":false},"featured_media":1357,"comment_status":"closed","ping_status":"closed","template":"","meta":{"inline_featured_image":false},"product_brand":[],"product_cat":[15],"product_tag":[],"class_list":{"0":"post-1353","1":"product","2":"type-product","3":"status-publish","4":"has-post-thumbnail","6":"product_cat-uncategorized","8":"first","9":"instock","10":"sale","11":"shipping-taxable","12":"purchasable","13":"product-type-simple"},"acf":[],"_links":{"self":[{"href":"https:\/\/non-stopshop.eu\/ba\/wp-json\/wp\/v2\/product\/1353","targetHints":{"allow":["GET"]}}],"collection":[{"href":"https:\/\/non-stopshop.eu\/ba\/wp-json\/wp\/v2\/product"}],"about":[{"href":"https:\/\/non-stopshop.eu\/ba\/wp-json\/wp\/v2\/types\/product"}],"replies":[{"embeddable":true,"href":"https:\/\/non-stopshop.eu\/ba\/wp-json\/wp\/v2\/comments?post=1353"}],"wp:featuredmedia":[{"embeddable":true,"href":"https:\/\/non-stopshop.eu\/ba\/wp-json\/wp\/v2\/media\/1357"}],"wp:attachment":[{"href":"https:\/\/non-stopshop.eu\/ba\/wp-json\/wp\/v2\/media?parent=1353"}],"wp:term":[{"taxonomy":"product_brand","embeddable":true,"href":"https:\/\/non-stopshop.eu\/ba\/wp-json\/wp\/v2\/product_brand?post=1353"},{"taxonomy":"product_cat","embeddable":true,"href":"https:\/\/non-stopshop.eu\/ba\/wp-json\/wp\/v2\/product_cat?post=1353"},{"taxonomy":"product_tag","embeddable":true,"href":"https:\/\/non-stopshop.eu\/ba\/wp-json\/wp\/v2\/product_tag?post=1353"}],"curies":[{"name":"wp","href":"https:\/\/api.w.org\/{rel}","templated":true}]}}