{"id":1360,"date":"2021-01-13T08:48:58","date_gmt":"2021-01-13T07:48:58","guid":{"rendered":"https:\/\/shopium.eu\/ba\/?post_type=product&#038;p=1360"},"modified":"2021-01-13T08:52:25","modified_gmt":"2021-01-13T07:52:25","slug":"rotately","status":"publish","type":"product","link":"https:\/\/non-stopshop.eu\/ba\/proizvod\/rotately\/","title":{"rendered":"Rotiraju\u0107e ru\u010dke za ve\u017ebanje &#8211; Rotately"},"content":{"rendered":"","protected":false},"excerpt":{"rendered":"<ul>\n<li>Smanjite napor i pritisak na zglobove, a uklju\u010dite vi\u0161e grupa mi\u0161i\u0107a u ve\u017ebu uz pomo\u0107 ovih ergonomski dizajniranih rotiraju\u0107ih ru\u010dki.<\/li>\n<li>Udobne gumeni ru\u010dke i neklizaju\u0107a baza osiguravaju vam potrebnu stabilnost tokom treninga.<\/li>\n<li>Prikladno za sve nivoe spremnosti, pa je tako pogodno i za po\u010detnike, ali i za sportiste profesionalce.<\/li>\n<\/ul>\n","protected":false},"featured_media":1363,"comment_status":"closed","ping_status":"closed","template":"","meta":{"inline_featured_image":false},"product_brand":[],"product_cat":[15],"product_tag":[],"class_list":{"0":"post-1360","1":"product","2":"type-product","3":"status-publish","4":"has-post-thumbnail","6":"product_cat-uncategorized","8":"first","9":"instock","10":"sale","11":"shipping-taxable","12":"purchasable","13":"product-type-simple"},"acf":[],"_links":{"self":[{"href":"https:\/\/non-stopshop.eu\/ba\/wp-json\/wp\/v2\/product\/1360","targetHints":{"allow":["GET"]}}],"collection":[{"href":"https:\/\/non-stopshop.eu\/ba\/wp-json\/wp\/v2\/product"}],"about":[{"href":"https:\/\/non-stopshop.eu\/ba\/wp-json\/wp\/v2\/types\/product"}],"replies":[{"embeddable":true,"href":"https:\/\/non-stopshop.eu\/ba\/wp-json\/wp\/v2\/comments?post=1360"}],"wp:featuredmedia":[{"embeddable":true,"href":"https:\/\/non-stopshop.eu\/ba\/wp-json\/wp\/v2\/media\/1363"}],"wp:attachment":[{"href":"https:\/\/non-stopshop.eu\/ba\/wp-json\/wp\/v2\/media?parent=1360"}],"wp:term":[{"taxonomy":"product_brand","embeddable":true,"href":"https:\/\/non-stopshop.eu\/ba\/wp-json\/wp\/v2\/product_brand?post=1360"},{"taxonomy":"product_cat","embeddable":true,"href":"https:\/\/non-stopshop.eu\/ba\/wp-json\/wp\/v2\/product_cat?post=1360"},{"taxonomy":"product_tag","embeddable":true,"href":"https:\/\/non-stopshop.eu\/ba\/wp-json\/wp\/v2\/product_tag?post=1360"}],"curies":[{"name":"wp","href":"https:\/\/api.w.org\/{rel}","templated":true}]}}