{"id":1367,"date":"2021-01-13T08:54:44","date_gmt":"2021-01-13T07:54:44","guid":{"rendered":"https:\/\/shopium.eu\/ba\/?post_type=product&#038;p=1367"},"modified":"2021-01-13T08:57:45","modified_gmt":"2021-01-13T07:57:45","slug":"oilnecklace","status":"publish","type":"product","link":"https:\/\/non-stopshop.eu\/ba\/proizvod\/oilnecklace\/","title":{"rendered":"Aromaterapijska ogrlica &#8211; OilNecklace"},"content":{"rendered":"","protected":false},"excerpt":{"rendered":"<ul>\n<li>Najoriginalniji poklon koji mo\u017eete da poklonite dragoj osobi je aromaterapija u privesku.<\/li>\n<li>Aromaterpija predstavlja upotrebu raznih biljaka tj. prirpavaka poput esencijalnih ulja za o\u010duvanje zdravlja i le\u010denje, a sa ovom ogrlicom \u0107ete ih uvijek nositi uz sebe.<\/li>\n<li>Ogrlica, osim \u0161to ima terapetutsko dejstvo, veoma je primamljivog izgleda i mo\u017eete odabrati razli\u010dite priveske po va\u0161oj \u017eelji.<\/li>\n<li>Ova posebna ogrlica je izra\u0111ena od visokokvalitetnog i nehr\u0111aju\u0107eg \u010delika koji je oblo\u017een legurom srebra, tako da je u srebrnoj boji.<\/li>\n<\/ul>\n<p>&nbsp;<\/p>\n","protected":false},"featured_media":1372,"comment_status":"closed","ping_status":"closed","template":"","meta":{"inline_featured_image":false},"product_brand":[],"product_cat":[15],"product_tag":[],"class_list":{"0":"post-1367","1":"product","2":"type-product","3":"status-publish","4":"has-post-thumbnail","6":"product_cat-uncategorized","8":"first","9":"instock","10":"sale","11":"shipping-taxable","12":"purchasable","13":"product-type-simple"},"acf":[],"_links":{"self":[{"href":"https:\/\/non-stopshop.eu\/ba\/wp-json\/wp\/v2\/product\/1367","targetHints":{"allow":["GET"]}}],"collection":[{"href":"https:\/\/non-stopshop.eu\/ba\/wp-json\/wp\/v2\/product"}],"about":[{"href":"https:\/\/non-stopshop.eu\/ba\/wp-json\/wp\/v2\/types\/product"}],"replies":[{"embeddable":true,"href":"https:\/\/non-stopshop.eu\/ba\/wp-json\/wp\/v2\/comments?post=1367"}],"wp:featuredmedia":[{"embeddable":true,"href":"https:\/\/non-stopshop.eu\/ba\/wp-json\/wp\/v2\/media\/1372"}],"wp:attachment":[{"href":"https:\/\/non-stopshop.eu\/ba\/wp-json\/wp\/v2\/media?parent=1367"}],"wp:term":[{"taxonomy":"product_brand","embeddable":true,"href":"https:\/\/non-stopshop.eu\/ba\/wp-json\/wp\/v2\/product_brand?post=1367"},{"taxonomy":"product_cat","embeddable":true,"href":"https:\/\/non-stopshop.eu\/ba\/wp-json\/wp\/v2\/product_cat?post=1367"},{"taxonomy":"product_tag","embeddable":true,"href":"https:\/\/non-stopshop.eu\/ba\/wp-json\/wp\/v2\/product_tag?post=1367"}],"curies":[{"name":"wp","href":"https:\/\/api.w.org\/{rel}","templated":true}]}}