{"id":1379,"date":"2021-01-13T08:58:16","date_gmt":"2021-01-13T07:58:16","guid":{"rendered":"https:\/\/shopium.eu\/ba\/?post_type=product&#038;p=1379"},"modified":"2021-01-13T09:06:44","modified_gmt":"2021-01-13T08:06:44","slug":"casteroil","status":"publish","type":"product","link":"https:\/\/non-stopshop.eu\/ba\/proizvod\/casteroil\/","title":{"rendered":"Ricinusovo ulje za rast trepavica &#8211; CasterOil"},"content":{"rendered":"","protected":false},"excerpt":{"rendered":"<ul>\n<li>\u010carobno 100% ricinusovo ulje koje je pro\u0161lo proces hladnog ce\u0111enja je ne\u0161to najbolje za negu, ja\u010danje i rast trepavica i kose.<\/li>\n<li>Sadr\u017ei \u010dak 6 omega esencijalnih masnih kiselina, vitamin E, kao i druge minerale i vitamine koji su blagotvorni za ishranu folikula dlake, kao i za negu ko\u017ee.<\/li>\n<li>Benefiti upotrebe ricinusovog ulja su mnoge kao npr. poma\u017ee kod infekcija, opekotina, ogrebotina, akni, suhe ko\u017ee, strija, hroni\u010dnog zapaljenja ko\u017ee, itd.<\/li>\n<li>Ovo super ulje se veoma brzo apsorbuje u ko\u017eu koja \u0107e biti glatka i negovana.<\/li>\n<\/ul>\n","protected":false},"featured_media":1386,"comment_status":"closed","ping_status":"closed","template":"","meta":{"inline_featured_image":false},"product_brand":[],"product_cat":[15],"product_tag":[],"class_list":{"0":"post-1379","1":"product","2":"type-product","3":"status-publish","4":"has-post-thumbnail","6":"product_cat-uncategorized","8":"first","9":"instock","10":"sale","11":"shipping-taxable","12":"purchasable","13":"product-type-simple"},"acf":[],"_links":{"self":[{"href":"https:\/\/non-stopshop.eu\/ba\/wp-json\/wp\/v2\/product\/1379","targetHints":{"allow":["GET"]}}],"collection":[{"href":"https:\/\/non-stopshop.eu\/ba\/wp-json\/wp\/v2\/product"}],"about":[{"href":"https:\/\/non-stopshop.eu\/ba\/wp-json\/wp\/v2\/types\/product"}],"replies":[{"embeddable":true,"href":"https:\/\/non-stopshop.eu\/ba\/wp-json\/wp\/v2\/comments?post=1379"}],"wp:featuredmedia":[{"embeddable":true,"href":"https:\/\/non-stopshop.eu\/ba\/wp-json\/wp\/v2\/media\/1386"}],"wp:attachment":[{"href":"https:\/\/non-stopshop.eu\/ba\/wp-json\/wp\/v2\/media?parent=1379"}],"wp:term":[{"taxonomy":"product_brand","embeddable":true,"href":"https:\/\/non-stopshop.eu\/ba\/wp-json\/wp\/v2\/product_brand?post=1379"},{"taxonomy":"product_cat","embeddable":true,"href":"https:\/\/non-stopshop.eu\/ba\/wp-json\/wp\/v2\/product_cat?post=1379"},{"taxonomy":"product_tag","embeddable":true,"href":"https:\/\/non-stopshop.eu\/ba\/wp-json\/wp\/v2\/product_tag?post=1379"}],"curies":[{"name":"wp","href":"https:\/\/api.w.org\/{rel}","templated":true}]}}