{"id":1394,"date":"2021-01-13T09:10:30","date_gmt":"2021-01-13T08:10:30","guid":{"rendered":"https:\/\/shopium.eu\/ba\/?post_type=product&#038;p=1394"},"modified":"2021-01-13T09:13:17","modified_gmt":"2021-01-13T08:13:17","slug":"neckwarm","status":"publish","type":"product","link":"https:\/\/non-stopshop.eu\/ba\/proizvod\/neckwarm\/","title":{"rendered":"Greja\u010d za vrat &#8211; NeckWarm"},"content":{"rendered":"","protected":false},"excerpt":{"rendered":"<ul>\n<li>Ovaj revolucionarni greja\u010d za vrat je pametna napravica osmi\u0161ljena tako da vam osigura ugodnu toplinu tokom zimskih dana tako \u0161to stimuli\u0161e cirkulaciju krvi u vratu, te smanjuje uko\u010denost i bolove.<\/li>\n<li>U svakom trenutku, mo\u017eete ga napuniti putem USB kabla \u0161to ovaj proizvod \u010dini jo\u0161 prakti\u010dnijim za upotrebu i no\u0161enje.<\/li>\n<li>Greja\u010d ima za\u0161titu tako da kontroli\u0161e temperaturu koju dr\u017ei konstantno ugodnom, tako da ne postoji mogu\u0107nost iritacije ili opekotina na ko\u017ei.<\/li>\n<\/ul>\n","protected":false},"featured_media":1395,"comment_status":"closed","ping_status":"closed","template":"","meta":{"inline_featured_image":false},"product_brand":[],"product_cat":[15],"product_tag":[],"class_list":{"0":"post-1394","1":"product","2":"type-product","3":"status-publish","4":"has-post-thumbnail","6":"product_cat-uncategorized","8":"first","9":"instock","10":"sale","11":"shipping-taxable","12":"purchasable","13":"product-type-simple"},"acf":[],"_links":{"self":[{"href":"https:\/\/non-stopshop.eu\/ba\/wp-json\/wp\/v2\/product\/1394","targetHints":{"allow":["GET"]}}],"collection":[{"href":"https:\/\/non-stopshop.eu\/ba\/wp-json\/wp\/v2\/product"}],"about":[{"href":"https:\/\/non-stopshop.eu\/ba\/wp-json\/wp\/v2\/types\/product"}],"replies":[{"embeddable":true,"href":"https:\/\/non-stopshop.eu\/ba\/wp-json\/wp\/v2\/comments?post=1394"}],"wp:featuredmedia":[{"embeddable":true,"href":"https:\/\/non-stopshop.eu\/ba\/wp-json\/wp\/v2\/media\/1395"}],"wp:attachment":[{"href":"https:\/\/non-stopshop.eu\/ba\/wp-json\/wp\/v2\/media?parent=1394"}],"wp:term":[{"taxonomy":"product_brand","embeddable":true,"href":"https:\/\/non-stopshop.eu\/ba\/wp-json\/wp\/v2\/product_brand?post=1394"},{"taxonomy":"product_cat","embeddable":true,"href":"https:\/\/non-stopshop.eu\/ba\/wp-json\/wp\/v2\/product_cat?post=1394"},{"taxonomy":"product_tag","embeddable":true,"href":"https:\/\/non-stopshop.eu\/ba\/wp-json\/wp\/v2\/product_tag?post=1394"}],"curies":[{"name":"wp","href":"https:\/\/api.w.org\/{rel}","templated":true}]}}