{"id":1406,"date":"2021-01-13T13:11:05","date_gmt":"2021-01-13T12:11:05","guid":{"rendered":"https:\/\/shopium.eu\/ba\/?post_type=product&#038;p=1406"},"modified":"2021-01-13T13:13:26","modified_gmt":"2021-01-13T12:13:26","slug":"animalprojector","status":"publish","type":"product","link":"https:\/\/non-stopshop.eu\/ba\/proizvod\/animalprojector\/","title":{"rendered":"Pli\u0161ana igra\u010dka sa projektorom &#8211; AnimalProjector"},"content":{"rendered":"","protected":false},"excerpt":{"rendered":"<ul>\n<li>Interaktivna igra\u010dka koja \u0107e pru\u017eiti neobi\u010dan i poseban ugo\u0111aj projektuju\u0107i svetlosne efekte u obliku zvezda i drugih zabavnih oblika preko stropova i zidova, pogotovo kad se ugase svetla.<\/li>\n<li>Napravljena od najmekanijih i najkvalitetnijih materijala, ova igra\u010dka \u0107e biti najdra\u017ea va\u0161im mali\u0161anima koji \u0107e voleti da se maze uz svog pli\u0161anog drugara.<\/li>\n<li>Osim za igru i zabavu, ova sjajna pli\u0161ana igra\u010dka \u0107e vam poslu\u017eiti i kao no\u0107no, utje\u0161no, blago osvetljenje za de\u010dije sobe.<\/li>\n<\/ul>\n","protected":false},"featured_media":1409,"comment_status":"closed","ping_status":"closed","template":"","meta":{"inline_featured_image":false},"product_brand":[],"product_cat":[15],"product_tag":[],"class_list":{"0":"post-1406","1":"product","2":"type-product","3":"status-publish","4":"has-post-thumbnail","6":"product_cat-uncategorized","8":"first","9":"instock","10":"sale","11":"shipping-taxable","12":"purchasable","13":"product-type-simple"},"acf":[],"_links":{"self":[{"href":"https:\/\/non-stopshop.eu\/ba\/wp-json\/wp\/v2\/product\/1406","targetHints":{"allow":["GET"]}}],"collection":[{"href":"https:\/\/non-stopshop.eu\/ba\/wp-json\/wp\/v2\/product"}],"about":[{"href":"https:\/\/non-stopshop.eu\/ba\/wp-json\/wp\/v2\/types\/product"}],"replies":[{"embeddable":true,"href":"https:\/\/non-stopshop.eu\/ba\/wp-json\/wp\/v2\/comments?post=1406"}],"wp:featuredmedia":[{"embeddable":true,"href":"https:\/\/non-stopshop.eu\/ba\/wp-json\/wp\/v2\/media\/1409"}],"wp:attachment":[{"href":"https:\/\/non-stopshop.eu\/ba\/wp-json\/wp\/v2\/media?parent=1406"}],"wp:term":[{"taxonomy":"product_brand","embeddable":true,"href":"https:\/\/non-stopshop.eu\/ba\/wp-json\/wp\/v2\/product_brand?post=1406"},{"taxonomy":"product_cat","embeddable":true,"href":"https:\/\/non-stopshop.eu\/ba\/wp-json\/wp\/v2\/product_cat?post=1406"},{"taxonomy":"product_tag","embeddable":true,"href":"https:\/\/non-stopshop.eu\/ba\/wp-json\/wp\/v2\/product_tag?post=1406"}],"curies":[{"name":"wp","href":"https:\/\/api.w.org\/{rel}","templated":true}]}}