{"id":1417,"date":"2021-01-13T13:16:09","date_gmt":"2021-01-13T12:16:09","guid":{"rendered":"https:\/\/shopium.eu\/ba\/?post_type=product&#038;p=1417"},"modified":"2021-01-13T13:20:00","modified_gmt":"2021-01-13T12:20:00","slug":"driftingcar","status":"publish","type":"product","link":"https:\/\/non-stopshop.eu\/ba\/proizvod\/driftingcar\/","title":{"rendered":"Drift auto na daljinsko upravljanje &#8211; DriftingCar"},"content":{"rendered":"","protected":false},"excerpt":{"rendered":"<ul>\n<li>Super automobil koji ima impresivan dizajn izra\u0111en od posebno oja\u010danih bikarbonatnih materijala kako bi bio \u0161to \u010dvr\u0161\u0107i za driftanje .<\/li>\n<li>Daljinski radi na 2.4Ghz radio frekvenciji koja osigurava da va\u0161 mali\u0161a ima potpunu kontrolu nad autom. Ovo je rezultat frekvencije koja minimizira smetnje.<\/li>\n<li>Neka vas mali\u0161ani upamte kao nekog ko poklanja najoriginalnije poklone, a ovaj auto to zasigurno jeste i izdvaja se u moru drugih auti\u0107a na daljinski.<\/li>\n<\/ul>\n","protected":false},"featured_media":1422,"comment_status":"closed","ping_status":"closed","template":"","meta":{"inline_featured_image":false},"product_brand":[],"product_cat":[15],"product_tag":[],"class_list":{"0":"post-1417","1":"product","2":"type-product","3":"status-publish","4":"has-post-thumbnail","6":"product_cat-uncategorized","8":"first","9":"instock","10":"sale","11":"shipping-taxable","12":"purchasable","13":"product-type-simple"},"acf":[],"_links":{"self":[{"href":"https:\/\/non-stopshop.eu\/ba\/wp-json\/wp\/v2\/product\/1417","targetHints":{"allow":["GET"]}}],"collection":[{"href":"https:\/\/non-stopshop.eu\/ba\/wp-json\/wp\/v2\/product"}],"about":[{"href":"https:\/\/non-stopshop.eu\/ba\/wp-json\/wp\/v2\/types\/product"}],"replies":[{"embeddable":true,"href":"https:\/\/non-stopshop.eu\/ba\/wp-json\/wp\/v2\/comments?post=1417"}],"wp:featuredmedia":[{"embeddable":true,"href":"https:\/\/non-stopshop.eu\/ba\/wp-json\/wp\/v2\/media\/1422"}],"wp:attachment":[{"href":"https:\/\/non-stopshop.eu\/ba\/wp-json\/wp\/v2\/media?parent=1417"}],"wp:term":[{"taxonomy":"product_brand","embeddable":true,"href":"https:\/\/non-stopshop.eu\/ba\/wp-json\/wp\/v2\/product_brand?post=1417"},{"taxonomy":"product_cat","embeddable":true,"href":"https:\/\/non-stopshop.eu\/ba\/wp-json\/wp\/v2\/product_cat?post=1417"},{"taxonomy":"product_tag","embeddable":true,"href":"https:\/\/non-stopshop.eu\/ba\/wp-json\/wp\/v2\/product_tag?post=1417"}],"curies":[{"name":"wp","href":"https:\/\/api.w.org\/{rel}","templated":true}]}}