{"id":1427,"date":"2021-01-13T13:25:02","date_gmt":"2021-01-13T12:25:02","guid":{"rendered":"https:\/\/shopium.eu\/ba\/?post_type=product&#038;p=1427"},"modified":"2021-01-13T13:30:03","modified_gmt":"2021-01-13T12:30:03","slug":"facefitness","status":"publish","type":"product","link":"https:\/\/non-stopshop.eu\/ba\/proizvod\/facefitness\/","title":{"rendered":"Sprava za oblikovanje linije brade &#8211; FaceFitness"},"content":{"rendered":"","protected":false},"excerpt":{"rendered":"<ul>\n<li>Jedini siguran i pouzdan na\u010din kojim \u0107ete u\u010dvrstiti mi\u0161i\u0107e lica i ko\u017eu , a ujedno izdefinisati toliko \u017eeljenu &#8220;jawline&#8221; ili liniju brade.<\/li>\n<li>Vje\u017eba se izvodi tako \u0161to se ova loptica bukvalno grize i svakim ugrizom se aktiviraju 57 mi\u0161i\u0107a lica i vrata koji defini\u0161u lice i bradu.<\/li>\n<li>Budu\u0107i da su mi\u0161i\u0107i lica veoma mali, brzo \u0107e reagovati, tako da \u0107ete mo\u0107i oblikovati facijalnu ekspresiju u samo nekoliko dana.<\/li>\n<\/ul>\n","protected":false},"featured_media":1434,"comment_status":"closed","ping_status":"closed","template":"","meta":{"inline_featured_image":false},"product_brand":[],"product_cat":[15],"product_tag":[],"class_list":{"0":"post-1427","1":"product","2":"type-product","3":"status-publish","4":"has-post-thumbnail","6":"product_cat-uncategorized","8":"first","9":"instock","10":"sale","11":"shipping-taxable","12":"purchasable","13":"product-type-simple"},"acf":[],"_links":{"self":[{"href":"https:\/\/non-stopshop.eu\/ba\/wp-json\/wp\/v2\/product\/1427","targetHints":{"allow":["GET"]}}],"collection":[{"href":"https:\/\/non-stopshop.eu\/ba\/wp-json\/wp\/v2\/product"}],"about":[{"href":"https:\/\/non-stopshop.eu\/ba\/wp-json\/wp\/v2\/types\/product"}],"replies":[{"embeddable":true,"href":"https:\/\/non-stopshop.eu\/ba\/wp-json\/wp\/v2\/comments?post=1427"}],"wp:featuredmedia":[{"embeddable":true,"href":"https:\/\/non-stopshop.eu\/ba\/wp-json\/wp\/v2\/media\/1434"}],"wp:attachment":[{"href":"https:\/\/non-stopshop.eu\/ba\/wp-json\/wp\/v2\/media?parent=1427"}],"wp:term":[{"taxonomy":"product_brand","embeddable":true,"href":"https:\/\/non-stopshop.eu\/ba\/wp-json\/wp\/v2\/product_brand?post=1427"},{"taxonomy":"product_cat","embeddable":true,"href":"https:\/\/non-stopshop.eu\/ba\/wp-json\/wp\/v2\/product_cat?post=1427"},{"taxonomy":"product_tag","embeddable":true,"href":"https:\/\/non-stopshop.eu\/ba\/wp-json\/wp\/v2\/product_tag?post=1427"}],"curies":[{"name":"wp","href":"https:\/\/api.w.org\/{rel}","templated":true}]}}