{"id":1440,"date":"2021-01-13T13:44:05","date_gmt":"2021-01-13T12:44:05","guid":{"rendered":"https:\/\/shopium.eu\/ba\/?post_type=product&#038;p=1440"},"modified":"2021-06-25T10:08:45","modified_gmt":"2021-06-25T08:08:45","slug":"portablemini","status":"publish","type":"product","link":"https:\/\/non-stopshop.eu\/ba\/proizvod\/portablemini\/","title":{"rendered":"Mini zatvara\u010d kesa &#8211; PortableMini"},"content":{"rendered":"","protected":false},"excerpt":{"rendered":"<ul>\n<li>Kuhinjskog alata nikad dosta, a ovim zatvara\u010dem \u0107ete biti odu\u0161evljeni jer je univerzalan za sve vrste vre\u0107ica.<\/li>\n<li>Jednostavno uklju\u010dite zatvara\u010d i ostavite par sekundi da se zagreje, nakon toga u samo par minuta zatvorite vre\u0107ice gdje god da se nalazili.<\/li>\n<li>Kada u jednom proizvodu dobijete vi\u0161e mogu\u0107nosti, onda je to pun pogodak!<\/li>\n<li>Jednim kori\u0161tenjem zatvara\u010da mo\u017eete zatvoriti bukvalno bezbroj kesica.<\/li>\n<\/ul>\n","protected":false},"featured_media":1441,"comment_status":"closed","ping_status":"closed","template":"","meta":{"inline_featured_image":false},"product_brand":[],"product_cat":[15],"product_tag":[],"class_list":{"0":"post-1440","1":"product","2":"type-product","3":"status-publish","4":"has-post-thumbnail","6":"product_cat-uncategorized","8":"first","9":"instock","10":"sale","11":"shipping-taxable","12":"purchasable","13":"product-type-simple"},"acf":[],"_links":{"self":[{"href":"https:\/\/non-stopshop.eu\/ba\/wp-json\/wp\/v2\/product\/1440","targetHints":{"allow":["GET"]}}],"collection":[{"href":"https:\/\/non-stopshop.eu\/ba\/wp-json\/wp\/v2\/product"}],"about":[{"href":"https:\/\/non-stopshop.eu\/ba\/wp-json\/wp\/v2\/types\/product"}],"replies":[{"embeddable":true,"href":"https:\/\/non-stopshop.eu\/ba\/wp-json\/wp\/v2\/comments?post=1440"}],"wp:featuredmedia":[{"embeddable":true,"href":"https:\/\/non-stopshop.eu\/ba\/wp-json\/wp\/v2\/media\/1441"}],"wp:attachment":[{"href":"https:\/\/non-stopshop.eu\/ba\/wp-json\/wp\/v2\/media?parent=1440"}],"wp:term":[{"taxonomy":"product_brand","embeddable":true,"href":"https:\/\/non-stopshop.eu\/ba\/wp-json\/wp\/v2\/product_brand?post=1440"},{"taxonomy":"product_cat","embeddable":true,"href":"https:\/\/non-stopshop.eu\/ba\/wp-json\/wp\/v2\/product_cat?post=1440"},{"taxonomy":"product_tag","embeddable":true,"href":"https:\/\/non-stopshop.eu\/ba\/wp-json\/wp\/v2\/product_tag?post=1440"}],"curies":[{"name":"wp","href":"https:\/\/api.w.org\/{rel}","templated":true}]}}