{"id":1453,"date":"2021-01-13T13:59:15","date_gmt":"2021-01-13T12:59:15","guid":{"rendered":"https:\/\/shopium.eu\/ba\/?post_type=product&#038;p=1453"},"modified":"2021-01-13T14:02:50","modified_gmt":"2021-01-13T13:02:50","slug":"barbecuetool","status":"publish","type":"product","link":"https:\/\/non-stopshop.eu\/ba\/proizvod\/barbecuetool\/","title":{"rendered":"Alat za izradu mesa za ro\u0161tilj &#8211; BarbecueTool"},"content":{"rendered":"","protected":false},"excerpt":{"rendered":"<ul>\n<li>Ukoliko ste ljubitelj boravka u prirodi uz koji neizostavno ide i ukusan ro\u0161tilj, onda je ova alatka prava stvar za vas kojom \u0107ete uspe\u0161no izraditi razli\u010dite varijante mesa.<\/li>\n<li>Jednostavan dizajn i visok kvalitet ovoe male alatke za izradu mesnih delicija omogu\u0107ava vam kvalitetnu obradu mesa bez imalo napora.<\/li>\n<li>Idealan za putovanja kada nemate puno mesta za stvari, a \u017eelite kvalitetno izra\u0111eno meso i obrok.<\/li>\n<\/ul>\n","protected":false},"featured_media":1460,"comment_status":"closed","ping_status":"closed","template":"","meta":{"inline_featured_image":false},"product_brand":[],"product_cat":[15],"product_tag":[],"class_list":{"0":"post-1453","1":"product","2":"type-product","3":"status-publish","4":"has-post-thumbnail","6":"product_cat-uncategorized","8":"first","9":"instock","10":"sale","11":"shipping-taxable","12":"purchasable","13":"product-type-simple"},"acf":[],"_links":{"self":[{"href":"https:\/\/non-stopshop.eu\/ba\/wp-json\/wp\/v2\/product\/1453","targetHints":{"allow":["GET"]}}],"collection":[{"href":"https:\/\/non-stopshop.eu\/ba\/wp-json\/wp\/v2\/product"}],"about":[{"href":"https:\/\/non-stopshop.eu\/ba\/wp-json\/wp\/v2\/types\/product"}],"replies":[{"embeddable":true,"href":"https:\/\/non-stopshop.eu\/ba\/wp-json\/wp\/v2\/comments?post=1453"}],"wp:featuredmedia":[{"embeddable":true,"href":"https:\/\/non-stopshop.eu\/ba\/wp-json\/wp\/v2\/media\/1460"}],"wp:attachment":[{"href":"https:\/\/non-stopshop.eu\/ba\/wp-json\/wp\/v2\/media?parent=1453"}],"wp:term":[{"taxonomy":"product_brand","embeddable":true,"href":"https:\/\/non-stopshop.eu\/ba\/wp-json\/wp\/v2\/product_brand?post=1453"},{"taxonomy":"product_cat","embeddable":true,"href":"https:\/\/non-stopshop.eu\/ba\/wp-json\/wp\/v2\/product_cat?post=1453"},{"taxonomy":"product_tag","embeddable":true,"href":"https:\/\/non-stopshop.eu\/ba\/wp-json\/wp\/v2\/product_tag?post=1453"}],"curies":[{"name":"wp","href":"https:\/\/api.w.org\/{rel}","templated":true}]}}